{"id":3721,"date":"2024-03-14T16:40:19","date_gmt":"2024-03-14T09:40:19","guid":{"rendered":"https:\/\/demo.aiti.vn\/?page_id=3721"},"modified":"2024-08-05T10:54:12","modified_gmt":"2024-08-05T03:54:12","slug":"tuyen-dung-1","status":"publish","type":"page","link":"https:\/\/pmscorp.vn\/en\/tuyen-dung-1\/","title":{"rendered":"Recruitment"},"content":{"rendered":"<div data-elementor-type=\"wp-page\" data-elementor-id=\"3721\" class=\"elementor elementor-3721\">\n\t\t\t\t\t\t<section class=\"elementor-section elementor-top-section elementor-element elementor-element-16e5a3b elementor-section-boxed elementor-section-height-default elementor-section-height-default\" data-id=\"16e5a3b\" data-element_type=\"section\">\n\t\t\t\t\t\t<div class=\"elementor-container elementor-column-gap-default\">\n\t\t\t\t\t<div class=\"elementor-column elementor-col-100 elementor-top-column elementor-element elementor-element-3d28f3d\" data-id=\"3d28f3d\" data-element_type=\"column\">\n\t\t\t<div class=\"elementor-widget-wrap elementor-element-populated\">\n\t\t\t\t\t\t<div class=\"elementor-element elementor-element-f1a94e7 elementor-widget elementor-widget-heading\" data-id=\"f1a94e7\" data-element_type=\"widget\" data-widget_type=\"heading.default\">\n\t\t\t\t<div class=\"elementor-widget-container\">\n\t\t\t\t\t<h2 class=\"elementor-heading-title elementor-size-default\">Recruitment news<\/h2>\t\t\t\t<\/div>\n\t\t\t\t<\/div>\n\t\t\t\t<div class=\"elementor-element elementor-element-b1ddf6c list-tintuc elementor-widget elementor-widget-uael-posts\" data-id=\"b1ddf6c\" data-element_type=\"widget\" data-settings=\"{&quot;classic_slides_to_show&quot;:3,&quot;classic_slides_to_show_tablet&quot;:2,&quot;classic_slides_to_show_mobile&quot;:1,&quot;classic_show_filters&quot;:&quot;no&quot;}\" data-widget_type=\"uael-posts.classic\">\n\t\t\t\t<div class=\"elementor-widget-container\">\n\t\t\t\t\t\t\t<div class=\"uael-post__header\">\n\t\t\t\t\t<\/div>\n\t\t<div class=\"uael-post__body\">\n\t\t\t\n\t\t\n\t\t<div class=\"uael-blog-terms-position- uael-post-image-top uael-post-grid uael-posts\" data-query-type=\"custom\" data-structure=\"normal\" data-layout=\"\" data-page=\"3721\" data-skin=\"classic\" data-filter-default=\"\" data-offset-top=\"30\" >\n\n\t\t\t\t\t\t\t<div class=\"uael-post-grid__inner uael-post__columns-3 uael-post__columns-tablet-2 uael-post__columns-mobile-1\">\n\t\t\t\n<div class=\"uael-post-wrapper   tuy\u1ec3n-d\u1ee5ng\">\n\t<div class=\"uael-post__bg-wrap uael-bg-wrap-disabled\">\n\n\t\t\t\t\n\t\t<div class=\"uael-post__inner-wrap uael-inner-wrap-disabled\">\n\n\t\t\t\t<div class=\"uael-post__thumbnail\">\n\t\t\t\n\t\t\t<a href=\"https:\/\/pmscorp.vn\/en\/thong-bao-tuyen-dung-pho-phong-thuong-mai-hop-dong\/\" target=\"_self\" title=\"TH\u00d4NG B\u00c1O TUY\u1ec2N D\u1ee4NG PH\u00d3 PH\u00d2NG TH\u01af\u01a0NG M\u1ea0I H\u1ee2P \u0110\u1ed2NG\"><img loading=\"lazy\" decoding=\"async\" width=\"800\" height=\"600\" src=\"https:\/\/pmscorp.vn\/wp-content\/uploads\/2026\/03\/hinh-anh-1.jpg\" class=\"attachment-full size-full wp-image-7246\" alt=\"\" srcset=\"https:\/\/pmscorp.vn\/wp-content\/uploads\/2026\/03\/hinh-anh-1.jpg 800w, https:\/\/pmscorp.vn\/wp-content\/uploads\/2026\/03\/hinh-anh-1-16x12.jpg 16w\" sizes=\"auto, (max-width: 800px) 100vw, 800px\" \/><\/a>\n\t\t\t\t\t<\/div>\n\t\t\n\t\t\t\n\t\t\t<div class=\"uael-post__content-wrap uael-content-wrap-disabled\">\n\t\t\t\t\t<h3 class=\"uael-post__title\">\n\n\t\t\n\t\t\t\t\t\t<a href=\"https:\/\/pmscorp.vn\/en\/thong-bao-tuyen-dung-pho-phong-thuong-mai-hop-dong\/\" target=\"_self\">\n\t\t\t\tTH\u00d4NG B\u00c1O TUY\u1ec2N D\u1ee4NG PH\u00d3 PH\u00d2NG TH\u01af\u01a0NG M\u1ea0I H\u1ee2P \u0110\u1ed2NG\t\t\t<\/a>\n\n\t\t\t\t<\/h3>\n\t\t\t\t\t<span class=\"uael-post__meta-data\">\n\t\t\t\t\t<span class=\"uael-post__date\">\n\t\t\t\t\t\t\t\t\t\t\t\t\t<i aria-hidden=\"true\" class=\"fa fa-calendar\"><\/i>\t\t\t\t\t\t\t\t\t\n\t\t\t12\/03\/2026\t\t<\/span>\n\t\t\t\t<\/span>\n\t\t\t\t\t<\/div>\n\t\t\t\n\t\t<\/div>\n\t\t\n\t<\/div>\n\n<\/div>\n\n<div class=\"uael-post-wrapper   tuy\u1ec3n-d\u1ee5ng\">\n\t<div class=\"uael-post__bg-wrap uael-bg-wrap-disabled\">\n\n\t\t\t\t\n\t\t<div class=\"uael-post__inner-wrap uael-inner-wrap-disabled\">\n\n\t\t\t\t<div class=\"uael-post__thumbnail\">\n\t\t\t\n\t\t\t<a href=\"https:\/\/pmscorp.vn\/en\/thong-bao-tuyen-dung-tho-han\/\" target=\"_self\" title=\"TH\u00d4NG B\u00c1O TUY\u1ec2N D\u1ee4NG TH\u1ee2 H\u00c0N\"><img loading=\"lazy\" decoding=\"async\" width=\"800\" height=\"600\" src=\"https:\/\/pmscorp.vn\/wp-content\/uploads\/2026\/03\/hinh-anh-1.jpg\" class=\"attachment-full size-full wp-image-7246\" alt=\"\" srcset=\"https:\/\/pmscorp.vn\/wp-content\/uploads\/2026\/03\/hinh-anh-1.jpg 800w, https:\/\/pmscorp.vn\/wp-content\/uploads\/2026\/03\/hinh-anh-1-16x12.jpg 16w\" sizes=\"auto, (max-width: 800px) 100vw, 800px\" \/><\/a>\n\t\t\t\t\t<\/div>\n\t\t\n\t\t\t\n\t\t\t<div class=\"uael-post__content-wrap uael-content-wrap-disabled\">\n\t\t\t\t\t<h3 class=\"uael-post__title\">\n\n\t\t\n\t\t\t\t\t\t<a href=\"https:\/\/pmscorp.vn\/en\/thong-bao-tuyen-dung-tho-han\/\" target=\"_self\">\n\t\t\t\tTH\u00d4NG B\u00c1O TUY\u1ec2N D\u1ee4NG TH\u1ee2 H\u00c0N\t\t\t<\/a>\n\n\t\t\t\t<\/h3>\n\t\t\t\t\t<span class=\"uael-post__meta-data\">\n\t\t\t\t\t<span class=\"uael-post__date\">\n\t\t\t\t\t\t\t\t\t\t\t\t\t<i aria-hidden=\"true\" class=\"fa fa-calendar\"><\/i>\t\t\t\t\t\t\t\t\t\n\t\t\t03\/03\/2026\t\t<\/span>\n\t\t\t\t<\/span>\n\t\t\t\t\t<\/div>\n\t\t\t\n\t\t<\/div>\n\t\t\n\t<\/div>\n\n<\/div>\n\n<div class=\"uael-post-wrapper   tuy\u1ec3n-d\u1ee5ng\">\n\t<div class=\"uael-post__bg-wrap uael-bg-wrap-disabled\">\n\n\t\t\t\t\n\t\t<div class=\"uael-post__inner-wrap uael-inner-wrap-disabled\">\n\n\t\t\t\t<div class=\"uael-post__thumbnail\">\n\t\t\t\n\t\t\t<a href=\"https:\/\/pmscorp.vn\/en\/thong-bao-tuyen-dung-tho-gian-giao\/\" target=\"_self\" title=\"TH\u00d4NG B\u00c1O TUY\u1ec2N D\u1ee4NG TH\u1ee2 GI\u00c0N GI\u00c1O\"><img loading=\"lazy\" decoding=\"async\" width=\"800\" height=\"600\" src=\"https:\/\/pmscorp.vn\/wp-content\/uploads\/2026\/03\/hinh-anh-1.jpg\" class=\"attachment-full size-full wp-image-7246\" alt=\"\" srcset=\"https:\/\/pmscorp.vn\/wp-content\/uploads\/2026\/03\/hinh-anh-1.jpg 800w, https:\/\/pmscorp.vn\/wp-content\/uploads\/2026\/03\/hinh-anh-1-16x12.jpg 16w\" sizes=\"auto, (max-width: 800px) 100vw, 800px\" \/><\/a>\n\t\t\t\t\t<\/div>\n\t\t\n\t\t\t\n\t\t\t<div class=\"uael-post__content-wrap uael-content-wrap-disabled\">\n\t\t\t\t\t<h3 class=\"uael-post__title\">\n\n\t\t\n\t\t\t\t\t\t<a href=\"https:\/\/pmscorp.vn\/en\/thong-bao-tuyen-dung-tho-gian-giao\/\" target=\"_self\">\n\t\t\t\tTH\u00d4NG B\u00c1O TUY\u1ec2N D\u1ee4NG TH\u1ee2 GI\u00c0N GI\u00c1O\t\t\t<\/a>\n\n\t\t\t\t<\/h3>\n\t\t\t\t\t<span class=\"uael-post__meta-data\">\n\t\t\t\t\t<span class=\"uael-post__date\">\n\t\t\t\t\t\t\t\t\t\t\t\t\t<i aria-hidden=\"true\" class=\"fa fa-calendar\"><\/i>\t\t\t\t\t\t\t\t\t\n\t\t\t03\/03\/2026\t\t<\/span>\n\t\t\t\t<\/span>\n\t\t\t\t\t<\/div>\n\t\t\t\n\t\t<\/div>\n\t\t\n\t<\/div>\n\n<\/div>\n\n<div class=\"uael-post-wrapper   tuy\u1ec3n-d\u1ee5ng\">\n\t<div class=\"uael-post__bg-wrap uael-bg-wrap-disabled\">\n\n\t\t\t\t\n\t\t<div class=\"uael-post__inner-wrap uael-inner-wrap-disabled\">\n\n\t\t\t\t<div class=\"uael-post__thumbnail\">\n\t\t\t\n\t\t\t<a href=\"https:\/\/pmscorp.vn\/en\/tuyen-dung-cong-nhan-co-khi-du-an-nsrp\/\" target=\"_self\" title=\"TH\u00d4NG B\u00c1O TUY\u1ec2N D\u1ee4NG C\u00d4NG NH\u00c2N C\u01a0 KH\u00cd D\u1ef0 \u00c1N NSRP\"><img loading=\"lazy\" decoding=\"async\" width=\"800\" height=\"600\" src=\"https:\/\/pmscorp.vn\/wp-content\/uploads\/2026\/03\/hinh-anh-1.jpg\" class=\"attachment-full size-full wp-image-7246\" alt=\"\" srcset=\"https:\/\/pmscorp.vn\/wp-content\/uploads\/2026\/03\/hinh-anh-1.jpg 800w, https:\/\/pmscorp.vn\/wp-content\/uploads\/2026\/03\/hinh-anh-1-16x12.jpg 16w\" sizes=\"auto, (max-width: 800px) 100vw, 800px\" \/><\/a>\n\t\t\t\t\t<\/div>\n\t\t\n\t\t\t\n\t\t\t<div class=\"uael-post__content-wrap uael-content-wrap-disabled\">\n\t\t\t\t\t<h3 class=\"uael-post__title\">\n\n\t\t\n\t\t\t\t\t\t<a href=\"https:\/\/pmscorp.vn\/en\/tuyen-dung-cong-nhan-co-khi-du-an-nsrp\/\" target=\"_self\">\n\t\t\t\tTH\u00d4NG B\u00c1O TUY\u1ec2N D\u1ee4NG C\u00d4NG NH\u00c2N C\u01a0 KH\u00cd D\u1ef0 \u00c1N NSRP\t\t\t<\/a>\n\n\t\t\t\t<\/h3>\n\t\t\t\t\t<span class=\"uael-post__meta-data\">\n\t\t\t\t\t<span class=\"uael-post__date\">\n\t\t\t\t\t\t\t\t\t\t\t\t\t<i aria-hidden=\"true\" class=\"fa fa-calendar\"><\/i>\t\t\t\t\t\t\t\t\t\n\t\t\t03\/03\/2026\t\t<\/span>\n\t\t\t\t<\/span>\n\t\t\t\t\t<\/div>\n\t\t\t\n\t\t<\/div>\n\t\t\n\t<\/div>\n\n<\/div>\n\n<div class=\"uael-post-wrapper   tuy\u1ec3n-d\u1ee5ng\">\n\t<div class=\"uael-post__bg-wrap uael-bg-wrap-disabled\">\n\n\t\t\t\t\n\t\t<div class=\"uael-post__inner-wrap uael-inner-wrap-disabled\">\n\n\t\t\t\t<div class=\"uael-post__thumbnail\">\n\t\t\t\n\t\t\t<a href=\"https:\/\/pmscorp.vn\/en\/thong-bao-tuyen-dung-doc-cong-tho-han\/\" target=\"_self\" title=\"TH\u00d4NG B\u00c1O TUY\u1ec2N D\u1ee4NG \u0110\u1ed0C C\u00d4NG, TH\u1ee2 H\u00c0N\"><img loading=\"lazy\" decoding=\"async\" width=\"800\" height=\"600\" src=\"https:\/\/pmscorp.vn\/wp-content\/uploads\/2026\/03\/hinh-anh-1.jpg\" class=\"attachment-full size-full wp-image-7246\" alt=\"\" srcset=\"https:\/\/pmscorp.vn\/wp-content\/uploads\/2026\/03\/hinh-anh-1.jpg 800w, https:\/\/pmscorp.vn\/wp-content\/uploads\/2026\/03\/hinh-anh-1-16x12.jpg 16w\" sizes=\"auto, (max-width: 800px) 100vw, 800px\" \/><\/a>\n\t\t\t\t\t<\/div>\n\t\t\n\t\t\t\n\t\t\t<div class=\"uael-post__content-wrap uael-content-wrap-disabled\">\n\t\t\t\t\t<h3 class=\"uael-post__title\">\n\n\t\t\n\t\t\t\t\t\t<a href=\"https:\/\/pmscorp.vn\/en\/thong-bao-tuyen-dung-doc-cong-tho-han\/\" target=\"_self\">\n\t\t\t\tTH\u00d4NG B\u00c1O TUY\u1ec2N D\u1ee4NG \u0110\u1ed0C C\u00d4NG, TH\u1ee2 H\u00c0N\t\t\t<\/a>\n\n\t\t\t\t<\/h3>\n\t\t\t\t\t<span class=\"uael-post__meta-data\">\n\t\t\t\t\t<span class=\"uael-post__date\">\n\t\t\t\t\t\t\t\t\t\t\t\t\t<i aria-hidden=\"true\" class=\"fa fa-calendar\"><\/i>\t\t\t\t\t\t\t\t\t\n\t\t\t03\/03\/2026\t\t<\/span>\n\t\t\t\t<\/span>\n\t\t\t\t\t<\/div>\n\t\t\t\n\t\t<\/div>\n\t\t\n\t<\/div>\n\n<\/div>\n\n<div class=\"uael-post-wrapper   tuy\u1ec3n-d\u1ee5ng\">\n\t<div class=\"uael-post__bg-wrap uael-bg-wrap-disabled\">\n\n\t\t\t\t\n\t\t<div class=\"uael-post__inner-wrap uael-inner-wrap-disabled\">\n\n\t\t\t\t<div class=\"uael-post__thumbnail\">\n\t\t\t\n\t\t\t<a href=\"https:\/\/pmscorp.vn\/en\/thong-bao-tuyen-dung-tho-phu-tho-co-khi\/\" target=\"_self\" title=\"TH\u00d4NG B\u00c1O TUY\u1ec2N D\u1ee4NG TH\u1ee2 C\u01a0 KH\u00cd, TH\u1ee2 PH\u1ee4 C\u01a0 KH\u00cd\"><img loading=\"lazy\" decoding=\"async\" width=\"800\" height=\"600\" src=\"https:\/\/pmscorp.vn\/wp-content\/uploads\/2026\/03\/hinh-anh-1.jpg\" class=\"attachment-full size-full wp-image-7246\" alt=\"\" srcset=\"https:\/\/pmscorp.vn\/wp-content\/uploads\/2026\/03\/hinh-anh-1.jpg 800w, https:\/\/pmscorp.vn\/wp-content\/uploads\/2026\/03\/hinh-anh-1-16x12.jpg 16w\" sizes=\"auto, (max-width: 800px) 100vw, 800px\" \/><\/a>\n\t\t\t\t\t<\/div>\n\t\t\n\t\t\t\n\t\t\t<div class=\"uael-post__content-wrap uael-content-wrap-disabled\">\n\t\t\t\t\t<h3 class=\"uael-post__title\">\n\n\t\t\n\t\t\t\t\t\t<a href=\"https:\/\/pmscorp.vn\/en\/thong-bao-tuyen-dung-tho-phu-tho-co-khi\/\" target=\"_self\">\n\t\t\t\tTH\u00d4NG B\u00c1O TUY\u1ec2N D\u1ee4NG TH\u1ee2 C\u01a0 KH\u00cd, TH\u1ee2 PH\u1ee4 C\u01a0 KH\u00cd\t\t\t<\/a>\n\n\t\t\t\t<\/h3>\n\t\t\t\t\t<span class=\"uael-post__meta-data\">\n\t\t\t\t\t<span class=\"uael-post__date\">\n\t\t\t\t\t\t\t\t\t\t\t\t\t<i aria-hidden=\"true\" class=\"fa fa-calendar\"><\/i>\t\t\t\t\t\t\t\t\t\n\t\t\t03\/03\/2026\t\t<\/span>\n\t\t\t\t<\/span>\n\t\t\t\t\t<\/div>\n\t\t\t\n\t\t<\/div>\n\t\t\n\t<\/div>\n\n<\/div>\n\t\t\t\t<\/div>\n\t\t\t\t\t\t\n\t\t<\/div>\n\n\t\t\t\t\t\t<\/div>\n\t\t<div class=\"uael-post__footer\">\n\t\t\t\t\t<\/div>\n\t\t\t\t\t\t<\/div>\n\t\t\t\t<\/div>\n\t\t\t\t\t<\/div>\n\t\t<\/div>\n\t\t\t\t\t<\/div>\n\t\t<\/section>\n\t\t\t\t<section class=\"elementor-section elementor-top-section elementor-element elementor-element-b5ed24b elementor-section-boxed elementor-section-height-default elementor-section-height-default\" data-id=\"b5ed24b\" data-element_type=\"section\">\n\t\t\t\t\t\t<div class=\"elementor-container elementor-column-gap-default\">\n\t\t\t\t\t<div class=\"elementor-column elementor-col-100 elementor-top-column elementor-element elementor-element-42c45ba\" data-id=\"42c45ba\" data-element_type=\"column\">\n\t\t\t<div class=\"elementor-widget-wrap elementor-element-populated\">\n\t\t\t\t\t\t<section class=\"elementor-section elementor-inner-section elementor-element elementor-element-b992ba9 elementor-section-boxed elementor-section-height-default elementor-section-height-default\" data-id=\"b992ba9\" data-element_type=\"section\" data-settings=\"{&quot;background_background&quot;:&quot;classic&quot;}\">\n\t\t\t\t\t\t<div class=\"elementor-container elementor-column-gap-default\">\n\t\t\t\t\t<div class=\"elementor-column elementor-col-100 elementor-inner-column elementor-element elementor-element-d7c8957\" data-id=\"d7c8957\" data-element_type=\"column\">\n\t\t\t<div class=\"elementor-widget-wrap elementor-element-populated\">\n\t\t\t\t\t\t<div class=\"elementor-element elementor-element-a0da1d9 elementor-widget elementor-widget-spacer\" data-id=\"a0da1d9\" data-element_type=\"widget\" data-widget_type=\"spacer.default\">\n\t\t\t\t<div class=\"elementor-widget-container\">\n\t\t\t\t\t\t\t<div class=\"elementor-spacer\">\n\t\t\t<div class=\"elementor-spacer-inner\"><\/div>\n\t\t<\/div>\n\t\t\t\t\t\t<\/div>\n\t\t\t\t<\/div>\n\t\t\t\t<div class=\"elementor-element elementor-element-9d9793d elementor-widget elementor-widget-heading\" data-id=\"9d9793d\" data-element_type=\"widget\" data-widget_type=\"heading.default\">\n\t\t\t\t<div class=\"elementor-widget-container\">\n\t\t\t\t\t<h2 class=\"elementor-heading-title elementor-size-default\">Ready to start a new job<\/h2>\t\t\t\t<\/div>\n\t\t\t\t<\/div>\n\t\t\t\t<div class=\"elementor-element elementor-element-ad85352 elementor-widget elementor-widget-text-editor\" data-id=\"ad85352\" data-element_type=\"widget\" data-widget_type=\"text-editor.default\">\n\t\t\t\t<div class=\"elementor-widget-container\">\n\t\t\t\t\t\t\t\t\t<p style=\"text-align: center;\">Talk to us today<\/p>\t\t\t\t\t\t\t\t<\/div>\n\t\t\t\t<\/div>\n\t\t\t\t<div class=\"elementor-element elementor-element-66b7a8a elementor-align-center elementor-widget elementor-widget-button\" data-id=\"66b7a8a\" data-element_type=\"widget\" data-widget_type=\"button.default\">\n\t\t\t\t<div class=\"elementor-widget-container\">\n\t\t\t\t\t\t\t\t\t<div class=\"elementor-button-wrapper\">\n\t\t\t\t\t<a class=\"elementor-button elementor-button-link elementor-size-sm\" href=\"https:\/\/pmscorp.vn\/en\/tuyen-dung-1\/\">\n\t\t\t\t\t\t<span class=\"elementor-button-content-wrapper\">\n\t\t\t\t\t\t\t\t\t<span class=\"elementor-button-text\">Please see details<\/span>\n\t\t\t\t\t<\/span>\n\t\t\t\t\t<\/a>\n\t\t\t\t<\/div>\n\t\t\t\t\t\t\t\t<\/div>\n\t\t\t\t<\/div>\n\t\t\t\t<div class=\"elementor-element elementor-element-0f5ebd8 elementor-widget elementor-widget-spacer\" data-id=\"0f5ebd8\" data-element_type=\"widget\" data-widget_type=\"spacer.default\">\n\t\t\t\t<div class=\"elementor-widget-container\">\n\t\t\t\t\t\t\t<div class=\"elementor-spacer\">\n\t\t\t<div class=\"elementor-spacer-inner\"><\/div>\n\t\t<\/div>\n\t\t\t\t\t\t<\/div>\n\t\t\t\t<\/div>\n\t\t\t\t\t<\/div>\n\t\t<\/div>\n\t\t\t\t\t<\/div>\n\t\t<\/section>\n\t\t\t\t\t<\/div>\n\t\t<\/div>\n\t\t\t\t\t<\/div>\n\t\t<\/section>\n\t\t\t\t<\/div>","protected":false},"excerpt":{"rendered":"<p>Tin t\u1ee9c tuy\u1ec3n d\u1ee5ng Th\u00f4ng b\u00e1o tuy\u1ec3n d\u1ee5ng nh\u00e2n vi\u00ean l\u00e1i xe \u0111\u1ea7u k\u00e9o 05\/08\/2024 Th\u00f4ng b\u00e1o tuy\u1ec3n V\u0103n th\u01b0 l\u00e0m vi\u1ec7c t\u1ea1i v\u0103n ph\u00f2ng [&hellip;]<\/p>","protected":false},"author":3,"featured_media":0,"parent":0,"menu_order":0,"comment_status":"closed","ping_status":"closed","template":"","meta":{"site-sidebar-layout":"no-sidebar","site-content-layout":"page-builder","ast-site-content-layout":"full-width-container","site-content-style":"default","site-sidebar-style":"default","ast-global-header-display":"","ast-banner-title-visibility":"","ast-main-header-display":"","ast-hfb-above-header-display":"","ast-hfb-below-header-display":"","ast-hfb-mobile-header-display":"","site-post-title":"disabled","ast-breadcrumbs-content":"","ast-featured-img":"disabled","footer-sml-layout":"","ast-disable-related-posts":"","theme-transparent-header-meta":"default","adv-header-id-meta":"","stick-header-meta":"default","header-above-stick-meta":"","header-main-stick-meta":"","header-below-stick-meta":"","astra-migrate-meta-layouts":"set","ast-page-background-enabled":"default","ast-page-background-meta":{"desktop":{"background-color":"var(--ast-global-color-4)","background-image":"","background-repeat":"repeat","background-position":"center center","background-size":"auto","background-attachment":"scroll","background-type":"","background-media":"","overlay-type":"","overlay-color":"","overlay-opacity":"","overlay-gradient":""},"tablet":{"background-color":"","background-image":"","background-repeat":"repeat","background-position":"center center","background-size":"auto","background-attachment":"scroll","background-type":"","background-media":"","overlay-type":"","overlay-color":"","overlay-opacity":"","overlay-gradient":""},"mobile":{"background-color":"","background-image":"","background-repeat":"repeat","background-position":"center center","background-size":"auto","background-attachment":"scroll","background-type":"","background-media":"","overlay-type":"","overlay-color":"","overlay-opacity":"","overlay-gradient":""}},"ast-content-background-meta":{"desktop":{"background-color":"var(--ast-global-color-5)","background-image":"","background-repeat":"repeat","background-position":"center center","background-size":"auto","background-attachment":"scroll","background-type":"","background-media":"","overlay-type":"","overlay-color":"","overlay-opacity":"","overlay-gradient":""},"tablet":{"background-color":"var(--ast-global-color-5)","background-image":"","background-repeat":"repeat","background-position":"center center","background-size":"auto","background-attachment":"scroll","background-type":"","background-media":"","overlay-type":"","overlay-color":"","overlay-opacity":"","overlay-gradient":""},"mobile":{"background-color":"var(--ast-global-color-5)","background-image":"","background-repeat":"repeat","background-position":"center center","background-size":"auto","background-attachment":"scroll","background-type":"","background-media":"","overlay-type":"","overlay-color":"","overlay-opacity":"","overlay-gradient":""}},"footnotes":""},"class_list":["post-3721","page","type-page","status-publish","hentry"],"_links":{"self":[{"href":"https:\/\/pmscorp.vn\/en\/wp-json\/wp\/v2\/pages\/3721","targetHints":{"allow":["GET"]}}],"collection":[{"href":"https:\/\/pmscorp.vn\/en\/wp-json\/wp\/v2\/pages"}],"about":[{"href":"https:\/\/pmscorp.vn\/en\/wp-json\/wp\/v2\/types\/page"}],"author":[{"embeddable":true,"href":"https:\/\/pmscorp.vn\/en\/wp-json\/wp\/v2\/users\/3"}],"replies":[{"embeddable":true,"href":"https:\/\/pmscorp.vn\/en\/wp-json\/wp\/v2\/comments?post=3721"}],"version-history":[{"count":0,"href":"https:\/\/pmscorp.vn\/en\/wp-json\/wp\/v2\/pages\/3721\/revisions"}],"wp:attachment":[{"href":"https:\/\/pmscorp.vn\/en\/wp-json\/wp\/v2\/media?parent=3721"}],"curies":[{"name":"wp","href":"https:\/\/api.w.org\/{rel}","templated":true}]}}