{"id":5221,"date":"2024-07-15T09:51:17","date_gmt":"2024-07-15T02:51:17","guid":{"rendered":"https:\/\/demo.tongluc.com\/?page_id=5221"},"modified":"2024-12-03T13:27:18","modified_gmt":"2024-12-03T06:27:18","slug":"du-an-tai-cac-nm-khac","status":"publish","type":"page","link":"https:\/\/pmscorp.vn\/en\/du-an-tai-cac-nm-khac\/","title":{"rendered":"Projects at other factories"},"content":{"rendered":"<div data-elementor-type=\"wp-page\" data-elementor-id=\"5221\" class=\"elementor elementor-5221\">\n\t\t\t\t\t\t<section class=\"elementor-section elementor-top-section elementor-element elementor-element-a689d96 elementor-section-boxed elementor-section-height-default elementor-section-height-default\" data-id=\"a689d96\" data-element_type=\"section\">\n\t\t\t\t\t\t<div class=\"elementor-container elementor-column-gap-default\">\n\t\t\t\t\t<div class=\"elementor-column elementor-col-33 elementor-top-column elementor-element elementor-element-56e67b0 elementor-hidden-tablet elementor-hidden-mobile\" data-id=\"56e67b0\" data-element_type=\"column\">\n\t\t\t<div class=\"elementor-widget-wrap elementor-element-populated\">\n\t\t\t\t\t\t<div class=\"elementor-element elementor-element-4cf4542 elementor-widget elementor-widget-shortcode\" data-id=\"4cf4542\" data-element_type=\"widget\" data-widget_type=\"shortcode.default\">\n\t\t\t\t<div class=\"elementor-widget-container\">\n\t\t\t\t\t\t\t<div class=\"elementor-shortcode\">\t\t\t\t\t<div class=\"astra-advanced-hook-5570\">\n\t\t\t\t\t\t<div data-elementor-type=\"wp-post\" data-elementor-id=\"5570\" class=\"elementor elementor-5570\">\n\t\t\t\t\t\t<section class=\"elementor-section elementor-top-section elementor-element elementor-element-ebdd3c2 elementor-section-boxed elementor-section-height-default elementor-section-height-default\" data-id=\"ebdd3c2\" data-element_type=\"section\">\n\t\t\t\t\t\t<div class=\"elementor-container elementor-column-gap-no\">\n\t\t\t\t\t<div class=\"elementor-column elementor-col-100 elementor-top-column elementor-element elementor-element-3385576 elementor-hidden-tablet elementor-hidden-mobile\" data-id=\"3385576\" data-element_type=\"column\">\n\t\t\t<div class=\"elementor-widget-wrap elementor-element-populated\">\n\t\t\t\t\t\t<div class=\"elementor-element elementor-element-d0b4791 elementor-widget elementor-widget-heading\" data-id=\"d0b4791\" data-element_type=\"widget\" data-widget_type=\"heading.default\">\n\t\t\t\t<div class=\"elementor-widget-container\">\n\t\t\t\t\t<h2 class=\"elementor-heading-title elementor-size-default\">Outstanding project<\/h2>\t\t\t\t<\/div>\n\t\t\t\t<\/div>\n\t\t\t\t<div class=\"elementor-element elementor-element-565c0f6 elementor-position-left elementor-vertical-align-middle elementor-widget elementor-widget-image-box\" data-id=\"565c0f6\" data-element_type=\"widget\" data-widget_type=\"image-box.default\">\n\t\t\t\t<div class=\"elementor-widget-container\">\n\t\t\t\t\t<div class=\"elementor-image-box-wrapper\"><figure class=\"elementor-image-box-img\"><a href=\"https:\/\/pmscorp.vn\/en\/du-an-tai-nmld-dung-quat\/\" tabindex=\"-1\"><img loading=\"lazy\" decoding=\"async\" width=\"100\" height=\"100\" src=\"https:\/\/pmscorp.vn\/wp-content\/uploads\/2024\/07\/pms.jpg\" class=\"attachment-full size-full wp-image-4531\" alt=\"\" srcset=\"https:\/\/pmscorp.vn\/wp-content\/uploads\/2024\/07\/pms.jpg 100w, https:\/\/pmscorp.vn\/wp-content\/uploads\/2024\/07\/pms-12x12.jpg 12w\" sizes=\"auto, (max-width: 100px) 100vw, 100px\" \/><\/a><\/figure><div class=\"elementor-image-box-content\"><h3 class=\"elementor-image-box-title\"><a href=\"https:\/\/pmscorp.vn\/en\/du-an-tai-nmld-dung-quat\/\">Project at Dung Quat Oil Refinery<\/a><\/h3><\/div><\/div>\t\t\t\t<\/div>\n\t\t\t\t<\/div>\n\t\t\t\t<div class=\"elementor-element elementor-element-abc8da5 elementor-position-left elementor-vertical-align-middle elementor-widget elementor-widget-image-box\" data-id=\"abc8da5\" data-element_type=\"widget\" data-widget_type=\"image-box.default\">\n\t\t\t\t<div class=\"elementor-widget-container\">\n\t\t\t\t\t<div class=\"elementor-image-box-wrapper\"><figure class=\"elementor-image-box-img\"><a href=\"https:\/\/pmscorp.vn\/en\/du-an-tai-nmld-nghi-son\/\" tabindex=\"-1\"><img loading=\"lazy\" decoding=\"async\" width=\"100\" height=\"100\" src=\"https:\/\/pmscorp.vn\/wp-content\/uploads\/2024\/07\/pms-1.jpg\" class=\"attachment-full size-full wp-image-4536\" alt=\"\" srcset=\"https:\/\/pmscorp.vn\/wp-content\/uploads\/2024\/07\/pms-1.jpg 100w, https:\/\/pmscorp.vn\/wp-content\/uploads\/2024\/07\/pms-1-12x12.jpg 12w\" sizes=\"auto, (max-width: 100px) 100vw, 100px\" \/><\/a><\/figure><div class=\"elementor-image-box-content\"><h3 class=\"elementor-image-box-title\"><a href=\"https:\/\/pmscorp.vn\/en\/du-an-tai-nmld-nghi-son\/\">Project at Nghi Son Oil Refinery<\/a><\/h3><\/div><\/div>\t\t\t\t<\/div>\n\t\t\t\t<\/div>\n\t\t\t\t<div class=\"elementor-element elementor-element-48f5fb6 elementor-position-left elementor-vertical-align-middle elementor-widget elementor-widget-image-box\" data-id=\"48f5fb6\" data-element_type=\"widget\" data-widget_type=\"image-box.default\">\n\t\t\t\t<div class=\"elementor-widget-container\">\n\t\t\t\t\t<div class=\"elementor-image-box-wrapper\"><figure class=\"elementor-image-box-img\"><a href=\"https:\/\/pmscorp.vn\/en\/du-an-tai-cac-nm-khac\/\" tabindex=\"-1\"><img loading=\"lazy\" decoding=\"async\" width=\"100\" height=\"100\" src=\"https:\/\/pmscorp.vn\/wp-content\/uploads\/2024\/07\/pms-4.jpg\" class=\"attachment-full size-full wp-image-4539\" alt=\"\" srcset=\"https:\/\/pmscorp.vn\/wp-content\/uploads\/2024\/07\/pms-4.jpg 100w, https:\/\/pmscorp.vn\/wp-content\/uploads\/2024\/07\/pms-4-12x12.jpg 12w\" sizes=\"auto, (max-width: 100px) 100vw, 100px\" \/><\/a><\/figure><div class=\"elementor-image-box-content\"><h3 class=\"elementor-image-box-title\"><a href=\"https:\/\/pmscorp.vn\/en\/du-an-tai-cac-nm-khac\/\">Projects at other factories<\/a><\/h3><\/div><\/div>\t\t\t\t<\/div>\n\t\t\t\t<\/div>\n\t\t\t\t\t<\/div>\n\t\t<\/div>\n\t\t\t\t\t<\/div>\n\t\t<\/section>\n\t\t\t\t<\/div>\n\t\t\t\t\t\t\t<\/div>\n\t\t\t\t<\/div>\n\t\t\t\t\t\t<\/div>\n\t\t\t\t<\/div>\n\t\t\t\t\t<\/div>\n\t\t<\/div>\n\t\t\t\t<div class=\"elementor-column elementor-col-66 elementor-top-column elementor-element elementor-element-770d14b\" data-id=\"770d14b\" data-element_type=\"column\">\n\t\t\t<div class=\"elementor-widget-wrap elementor-element-populated\">\n\t\t\t\t\t\t<div class=\"elementor-element elementor-element-f8f4207 elementor-widget elementor-widget-heading\" data-id=\"f8f4207\" data-element_type=\"widget\" data-widget_type=\"heading.default\">\n\t\t\t\t<div class=\"elementor-widget-container\">\n\t\t\t\t\t<h2 class=\"elementor-heading-title elementor-size-default\">Projects at other factories<\/h2>\t\t\t\t<\/div>\n\t\t\t\t<\/div>\n\t\t\t\t<div class=\"elementor-element elementor-element-3e97870 list-tintuc elementor-widget elementor-widget-uael-posts\" data-id=\"3e97870\" data-element_type=\"widget\" data-settings=\"{&quot;classic_slides_to_show&quot;:2,&quot;classic_slides_to_show_tablet&quot;:2,&quot;classic_slides_to_show_mobile&quot;:1}\" data-widget_type=\"uael-posts.classic\">\n\t\t\t\t<div class=\"elementor-widget-container\">\n\t\t\t\t\t\t\t<div class=\"uael-post__header\">\n\t\t\t\t\t<\/div>\n\t\t<div class=\"uael-post__body\">\n\t\t\t\n\t\t\n\t\t<div class=\"uael-blog-terms-position- uael-post-image-top uael-post-grid uael-posts\" data-query-type=\"custom\" data-structure=\"normal\" data-layout=\"\" data-page=\"5221\" data-skin=\"classic\" data-filter-default=\"\" data-offset-top=\"30\" >\n\n\t\t\t\t\t\t\t<div class=\"uael-post-grid__inner uael-post__columns-2 uael-post__columns-tablet-2 uael-post__columns-mobile-1\">\n\t\t\t\n<div class=\"uael-post-wrapper   d\u1ef1-\u00e1n d\u1ef1-\u00e1n-t\u1ea1i-c\u00e1c-nm-kh\u00e1c tin-t\u1ee9c-pms\">\n\t<div class=\"uael-post__bg-wrap uael-bg-wrap-disabled\">\n\n\t\t\t\t\n\t\t<div class=\"uael-post__inner-wrap uael-inner-wrap-disabled\">\n\n\t\t\t\t<div class=\"uael-post__thumbnail\">\n\t\t\t\n\t\t\t<a href=\"https:\/\/pmscorp.vn\/en\/pms-hoan-thanh-cung-cap-dich-vu-gia-cong-lap-dat-bao-on-ton-nha-may-nhiet-dien-vinh-tan-4\/\" target=\"_self\" title=\"PMS Ho\u00e0n th\u00e0nh cung c\u1ea5p d\u1ecbch v\u1ee5 gia c\u00f4ng l\u1eafp \u0111\u1eb7t b\u1ea3o \u00f4n, t\u00f4n nh\u00e0 m\u00e1y Nhi\u1ec7t \u0110i\u1ec7n V\u0129nh T\u00e2n 4\"><img loading=\"lazy\" decoding=\"async\" width=\"768\" height=\"1024\" src=\"https:\/\/pmscorp.vn\/wp-content\/uploads\/2026\/03\/z7615251760787_39a5eb95e898fc4c4d6fe98ace2e32a6.jpg\" class=\"attachment-full size-full wp-image-7264\" alt=\"\" srcset=\"https:\/\/pmscorp.vn\/wp-content\/uploads\/2026\/03\/z7615251760787_39a5eb95e898fc4c4d6fe98ace2e32a6.jpg 768w, https:\/\/pmscorp.vn\/wp-content\/uploads\/2026\/03\/z7615251760787_39a5eb95e898fc4c4d6fe98ace2e32a6-9x12.jpg 9w\" sizes=\"auto, (max-width: 768px) 100vw, 768px\" \/><\/a>\n\t\t\t\t\t<\/div>\n\t\t\n\t\t\t\n\t\t\t<div class=\"uael-post__content-wrap uael-content-wrap-disabled\">\n\t\t\t\t\t<h3 class=\"uael-post__title\">\n\n\t\t\n\t\t\t\t\t\t<a href=\"https:\/\/pmscorp.vn\/en\/pms-hoan-thanh-cung-cap-dich-vu-gia-cong-lap-dat-bao-on-ton-nha-may-nhiet-dien-vinh-tan-4\/\" target=\"_self\">\n\t\t\t\tPMS Ho\u00e0n th\u00e0nh cung c\u1ea5p d\u1ecbch v\u1ee5 gia c\u00f4ng l\u1eafp \u0111\u1eb7t b\u1ea3o \u00f4n, t\u00f4n nh\u00e0 m\u00e1y Nhi\u1ec7t \u0110i\u1ec7n V\u0129nh T\u00e2n 4\t\t\t<\/a>\n\n\t\t\t\t<\/h3>\n\t\t\t\t\t<div class=\"uael-post__meta-data\">\n\t\t\t\t\t<span class=\"uael-post__date\">\n\t\t\t\t\t\t\t\t\t\t\t\t\t<i aria-hidden=\"true\" class=\"fa fa-calendar\"><\/i>\t\t\t\t\t\t\t\t\t\n\t\t\t13\/03\/2026\t\t<\/span>\n\t\t\t\t<\/div>\n\t\t\t\t\t<\/div>\n\t\t\t\n\t\t<\/div>\n\t\t\n\t<\/div>\n\n<\/div>\n\n<div class=\"uael-post-wrapper   d\u1ef1-\u00e1n d\u1ef1-\u00e1n-t\u1ea1i-c\u00e1c-nm-kh\u00e1c tin-t\u1ee9c-pms\">\n\t<div class=\"uael-post__bg-wrap uael-bg-wrap-disabled\">\n\n\t\t\t\t\n\t\t<div class=\"uael-post__inner-wrap uael-inner-wrap-disabled\">\n\n\t\t\t\t<div class=\"uael-post__thumbnail\">\n\t\t\t\n\t\t\t<a href=\"https:\/\/pmscorp.vn\/en\/khao-sat-len-phuong-an-cung-cap-dich-vu-phuc-hoi-chup-khoi-lo-thoi-300t-nha-may-hrc2\/\" target=\"_self\" title=\"Cung c\u1ea5p d\u1ecbch v\u1ee5 Kh\u1ea3o s\u00e1t l\u00ean ph\u01b0\u01a1ng \u00e1n ph\u1ee5c h\u1ed5i ch\u1ee5p kh\u00f3i l\u00f2 th\u1ed5i 300T \u2013 Nh\u00e0 m\u00e1y HRC2\"><img loading=\"lazy\" decoding=\"async\" width=\"960\" height=\"1280\" src=\"https:\/\/pmscorp.vn\/wp-content\/uploads\/2026\/03\/z7613310876822_8ad9be834b222a8f54eae6df109febb7.jpg\" class=\"attachment-full size-full wp-image-7262\" alt=\"\" srcset=\"https:\/\/pmscorp.vn\/wp-content\/uploads\/2026\/03\/z7613310876822_8ad9be834b222a8f54eae6df109febb7.jpg 960w, https:\/\/pmscorp.vn\/wp-content\/uploads\/2026\/03\/z7613310876822_8ad9be834b222a8f54eae6df109febb7-9x12.jpg 9w\" sizes=\"auto, (max-width: 960px) 100vw, 960px\" \/><\/a>\n\t\t\t\t\t<\/div>\n\t\t\n\t\t\t\n\t\t\t<div class=\"uael-post__content-wrap uael-content-wrap-disabled\">\n\t\t\t\t\t<h3 class=\"uael-post__title\">\n\n\t\t\n\t\t\t\t\t\t<a href=\"https:\/\/pmscorp.vn\/en\/khao-sat-len-phuong-an-cung-cap-dich-vu-phuc-hoi-chup-khoi-lo-thoi-300t-nha-may-hrc2\/\" target=\"_self\">\n\t\t\t\tCung c\u1ea5p d\u1ecbch v\u1ee5 Kh\u1ea3o s\u00e1t l\u00ean ph\u01b0\u01a1ng \u00e1n ph\u1ee5c h\u1ed5i ch\u1ee5p kh\u00f3i l\u00f2 th\u1ed5i 300T \u2013 Nh\u00e0 m\u00e1y HRC2\t\t\t<\/a>\n\n\t\t\t\t<\/h3>\n\t\t\t\t\t<div class=\"uael-post__meta-data\">\n\t\t\t\t\t<span class=\"uael-post__date\">\n\t\t\t\t\t\t\t\t\t\t\t\t\t<i aria-hidden=\"true\" class=\"fa fa-calendar\"><\/i>\t\t\t\t\t\t\t\t\t\n\t\t\t13\/03\/2026\t\t<\/span>\n\t\t\t\t<\/div>\n\t\t\t\t\t<\/div>\n\t\t\t\n\t\t<\/div>\n\t\t\n\t<\/div>\n\n<\/div>\n\n<div class=\"uael-post-wrapper   d\u1ef1-\u00e1n d\u1ef1-\u00e1n-t\u1ea1i-c\u00e1c-nm-kh\u00e1c\">\n\t<div class=\"uael-post__bg-wrap uael-bg-wrap-disabled\">\n\n\t\t\t\t\n\t\t<div class=\"uael-post__inner-wrap uael-inner-wrap-disabled\">\n\n\t\t\t\t<div class=\"uael-post__thumbnail\">\n\t\t\t\n\t\t\t<a href=\"https:\/\/pmscorp.vn\/en\/nha-may-hoa-dau-mien-nam\/\" target=\"_self\" title=\"Providing scaffolding services for the Southern petrochemical complex, Vietnam\"><img loading=\"lazy\" decoding=\"async\" width=\"940\" height=\"788\" src=\"https:\/\/pmscorp.vn\/wp-content\/uploads\/2024\/03\/Cung-cap-dich-vu-gian-giao-cho-khu-vuc-Interconnecting-pipe-rack-thuoc-goi-thau-A2-DA-To-hop-Hoa-dau-mien-Nam-Viet-Nam.jpg\" class=\"attachment-full size-full wp-image-3862\" alt=\"\" \/><\/a>\n\t\t\t\t\t<\/div>\n\t\t\n\t\t\t\n\t\t\t<div class=\"uael-post__content-wrap uael-content-wrap-disabled\">\n\t\t\t\t\t<h3 class=\"uael-post__title\">\n\n\t\t\n\t\t\t\t\t\t<a href=\"https:\/\/pmscorp.vn\/en\/nha-may-hoa-dau-mien-nam\/\" target=\"_self\">\n\t\t\t\tProviding scaffolding services for the Southern petrochemical complex, Vietnam\t\t\t<\/a>\n\n\t\t\t\t<\/h3>\n\t\t\t\t\t<div class=\"uael-post__meta-data\">\n\t\t\t\t\t<span class=\"uael-post__date\">\n\t\t\t\t\t\t\t\t\t\t\t\t\t<i aria-hidden=\"true\" class=\"fa fa-calendar\"><\/i>\t\t\t\t\t\t\t\t\t\n\t\t\t12\/08\/2020\t\t<\/span>\n\t\t\t\t<\/div>\n\t\t\t\t\t<\/div>\n\t\t\t\n\t\t<\/div>\n\t\t\n\t<\/div>\n\n<\/div>\n\n<div class=\"uael-post-wrapper   d\u1ef1-\u00e1n d\u1ef1-\u00e1n-t\u1ea1i-c\u00e1c-nm-kh\u00e1c\">\n\t<div class=\"uael-post__bg-wrap uael-bg-wrap-disabled\">\n\n\t\t\t\t\n\t\t<div class=\"uael-post__inner-wrap uael-inner-wrap-disabled\">\n\n\t\t\t\t<div class=\"uael-post__thumbnail\">\n\t\t\t\n\t\t\t<a href=\"https:\/\/pmscorp.vn\/en\/nha-may-dam-phu-my\/\" target=\"_self\" title=\"Providing cleaning services for beam-tube heat exchangers using high-pressure water jets with rotating nozzles during the overall maintenance of Phu My Fertilizer Plant\"><img loading=\"lazy\" decoding=\"async\" width=\"940\" height=\"788\" src=\"https:\/\/pmscorp.vn\/wp-content\/uploads\/2024\/03\/Cung-cap-dich-vu-ve-sinh-thiet-bi-trao-doi-nhiet-dang-ong-chum-bang-tia-nuoc-ap-luc-cao-voi-dau-phun-dang-xoay-trong-dot-bao-duong-tong-the-nha-may-dam-Phu-My.jpg\" class=\"attachment-full size-full wp-image-3845\" alt=\"\" \/><\/a>\n\t\t\t\t\t<\/div>\n\t\t\n\t\t\t\n\t\t\t<div class=\"uael-post__content-wrap uael-content-wrap-disabled\">\n\t\t\t\t\t<h3 class=\"uael-post__title\">\n\n\t\t\n\t\t\t\t\t\t<a href=\"https:\/\/pmscorp.vn\/en\/nha-may-dam-phu-my\/\" target=\"_self\">\n\t\t\t\tProviding cleaning services for beam-tube heat exchangers using high-pressure water jets with rotating nozzles during the overall maintenance of Phu My Fertilizer Plant\t\t\t<\/a>\n\n\t\t\t\t<\/h3>\n\t\t\t\t\t<div class=\"uael-post__meta-data\">\n\t\t\t\t\t<span class=\"uael-post__date\">\n\t\t\t\t\t\t\t\t\t\t\t\t\t<i aria-hidden=\"true\" class=\"fa fa-calendar\"><\/i>\t\t\t\t\t\t\t\t\t\n\t\t\t05\/05\/2020\t\t<\/span>\n\t\t\t\t<\/div>\n\t\t\t\t\t<\/div>\n\t\t\t\n\t\t<\/div>\n\t\t\n\t<\/div>\n\n<\/div>\n\n<div class=\"uael-post-wrapper   d\u1ef1-\u00e1n d\u1ef1-\u00e1n-t\u1ea1i-c\u00e1c-nm-kh\u00e1c\">\n\t<div class=\"uael-post__bg-wrap uael-bg-wrap-disabled\">\n\n\t\t\t\t\n\t\t<div class=\"uael-post__inner-wrap uael-inner-wrap-disabled\">\n\n\t\t\t\t<div class=\"uael-post__thumbnail\">\n\t\t\t\n\t\t\t<a href=\"https:\/\/pmscorp.vn\/en\/doosan-vina-2\/\" target=\"_self\" title=\"Installing scaffolding for DOOSAN VINA Industrial Company\"><img loading=\"lazy\" decoding=\"async\" width=\"563\" height=\"1200\" src=\"https:\/\/pmscorp.vn\/wp-content\/uploads\/2024\/03\/dsg3.jpg\" class=\"attachment-full size-full wp-image-4174\" alt=\"\" \/><\/a>\n\t\t\t\t\t<\/div>\n\t\t\n\t\t\t\n\t\t\t<div class=\"uael-post__content-wrap uael-content-wrap-disabled\">\n\t\t\t\t\t<h3 class=\"uael-post__title\">\n\n\t\t\n\t\t\t\t\t\t<a href=\"https:\/\/pmscorp.vn\/en\/doosan-vina-2\/\" target=\"_self\">\n\t\t\t\tInstalling scaffolding for DOOSAN VINA Industrial Company\t\t\t<\/a>\n\n\t\t\t\t<\/h3>\n\t\t\t\t\t<div class=\"uael-post__meta-data\">\n\t\t\t\t\t<span class=\"uael-post__date\">\n\t\t\t\t\t\t\t\t\t\t\t\t\t<i aria-hidden=\"true\" class=\"fa fa-calendar\"><\/i>\t\t\t\t\t\t\t\t\t\n\t\t\t22\/03\/2020\t\t<\/span>\n\t\t\t\t<\/div>\n\t\t\t\t\t<\/div>\n\t\t\t\n\t\t<\/div>\n\t\t\n\t<\/div>\n\n<\/div>\n\n<div class=\"uael-post-wrapper   d\u1ef1-\u00e1n d\u1ef1-\u00e1n-t\u1ea1i-c\u00e1c-nm-kh\u00e1c\">\n\t<div class=\"uael-post__bg-wrap uael-bg-wrap-disabled\">\n\n\t\t\t\t\n\t\t<div class=\"uael-post__inner-wrap uael-inner-wrap-disabled\">\n\n\t\t\t\t<div class=\"uael-post__thumbnail\">\n\t\t\t\n\t\t\t<a href=\"https:\/\/pmscorp.vn\/en\/doosan-vina\/\" target=\"_self\" title=\"Cleaning and painting structures and pipes for DOOSAN VINA customers\"><img loading=\"lazy\" decoding=\"async\" width=\"1024\" height=\"768\" src=\"https:\/\/pmscorp.vn\/wp-content\/uploads\/2024\/03\/sds3.jpg\" class=\"attachment-full size-full wp-image-4177\" alt=\"\" \/><\/a>\n\t\t\t\t\t<\/div>\n\t\t\n\t\t\t\n\t\t\t<div class=\"uael-post__content-wrap uael-content-wrap-disabled\">\n\t\t\t\t\t<h3 class=\"uael-post__title\">\n\n\t\t\n\t\t\t\t\t\t<a href=\"https:\/\/pmscorp.vn\/en\/doosan-vina\/\" target=\"_self\">\n\t\t\t\tCleaning and painting structures and pipes for DOOSAN VINA customers\t\t\t<\/a>\n\n\t\t\t\t<\/h3>\n\t\t\t\t\t<div class=\"uael-post__meta-data\">\n\t\t\t\t\t<span class=\"uael-post__date\">\n\t\t\t\t\t\t\t\t\t\t\t\t\t<i aria-hidden=\"true\" class=\"fa fa-calendar\"><\/i>\t\t\t\t\t\t\t\t\t\n\t\t\t22\/03\/2020\t\t<\/span>\n\t\t\t\t<\/div>\n\t\t\t\t\t<\/div>\n\t\t\t\n\t\t<\/div>\n\t\t\n\t<\/div>\n\n<\/div>\n\n<div class=\"uael-post-wrapper   d\u1ef1-\u00e1n d\u1ef1-\u00e1n-t\u1ea1i-c\u00e1c-nm-kh\u00e1c\">\n\t<div class=\"uael-post__bg-wrap uael-bg-wrap-disabled\">\n\n\t\t\t\t\n\t\t<div class=\"uael-post__inner-wrap uael-inner-wrap-disabled\">\n\n\t\t\t\t<div class=\"uael-post__thumbnail\">\n\t\t\t\n\t\t\t<a href=\"https:\/\/pmscorp.vn\/en\/nha-may-dien-dau-tieng-tay-ninh\/\" target=\"_self\" title=\"Nh\u00e0 m\u00e1y \u0111i\u1ec7n D\u1ea7u Ti\u1ebfng &#8211; T\u00e2y Ninh\"><img loading=\"lazy\" decoding=\"async\" width=\"940\" height=\"788\" src=\"https:\/\/pmscorp.vn\/wp-content\/uploads\/2024\/03\/PMS-hoan-thanh-du-an-gia-cong-va-lap-dat-san-Platform-cho-nha-may-nhiet-dien-Dau-Tieng-\u2013-Tay-Ninh.jpg\" class=\"attachment-full size-full wp-image-3870\" alt=\"\" \/><\/a>\n\t\t\t\t\t<\/div>\n\t\t\n\t\t\t\n\t\t\t<div class=\"uael-post__content-wrap uael-content-wrap-disabled\">\n\t\t\t\t\t<h3 class=\"uael-post__title\">\n\n\t\t\n\t\t\t\t\t\t<a href=\"https:\/\/pmscorp.vn\/en\/nha-may-dien-dau-tieng-tay-ninh\/\" target=\"_self\">\n\t\t\t\tDau Tieng Power Plant - Tay Ninh\t\t\t<\/a>\n\n\t\t\t\t<\/h3>\n\t\t\t\t\t<div class=\"uael-post__meta-data\">\n\t\t\t\t\t<span class=\"uael-post__date\">\n\t\t\t\t\t\t\t\t\t\t\t\t\t<i aria-hidden=\"true\" class=\"fa fa-calendar\"><\/i>\t\t\t\t\t\t\t\t\t\n\t\t\t02\/07\/2019\t\t<\/span>\n\t\t\t\t<\/div>\n\t\t\t\t\t<\/div>\n\t\t\t\n\t\t<\/div>\n\t\t\n\t<\/div>\n\n<\/div>\n\n<div class=\"uael-post-wrapper   d\u1ef1-\u00e1n d\u1ef1-\u00e1n-t\u1ea1i-c\u00e1c-nm-kh\u00e1c\">\n\t<div class=\"uael-post__bg-wrap uael-bg-wrap-disabled\">\n\n\t\t\t\t\n\t\t<div class=\"uael-post__inner-wrap uael-inner-wrap-disabled\">\n\n\t\t\t\t<div class=\"uael-post__thumbnail\">\n\t\t\t\n\t\t\t<a href=\"https:\/\/pmscorp.vn\/en\/dam-ca-mau\/\" target=\"_self\" title=\"Ca Mau Fertilizer Factory\"><img loading=\"lazy\" decoding=\"async\" width=\"940\" height=\"788\" src=\"https:\/\/pmscorp.vn\/wp-content\/uploads\/2024\/03\/Dam-ca-mau.jpg\" class=\"attachment-full size-full wp-image-3876\" alt=\"\" \/><\/a>\n\t\t\t\t\t<\/div>\n\t\t\n\t\t\t\n\t\t\t<div class=\"uael-post__content-wrap uael-content-wrap-disabled\">\n\t\t\t\t\t<h3 class=\"uael-post__title\">\n\n\t\t\n\t\t\t\t\t\t<a href=\"https:\/\/pmscorp.vn\/en\/dam-ca-mau\/\" target=\"_self\">\n\t\t\t\tCa Mau Fertilizer Factory\t\t\t<\/a>\n\n\t\t\t\t<\/h3>\n\t\t\t\t\t<div class=\"uael-post__meta-data\">\n\t\t\t\t\t<span class=\"uael-post__date\">\n\t\t\t\t\t\t\t\t\t\t\t\t\t<i aria-hidden=\"true\" class=\"fa fa-calendar\"><\/i>\t\t\t\t\t\t\t\t\t\n\t\t\t22\/11\/2018\t\t<\/span>\n\t\t\t\t<\/div>\n\t\t\t\t\t<\/div>\n\t\t\t\n\t\t<\/div>\n\t\t\n\t<\/div>\n\n<\/div>\n\t\t\t\t<\/div>\n\t\t\t\t\t\t\n\t\t<\/div>\n\n\t\t\t\t\t\t<\/div>\n\t\t<div class=\"uael-post__footer\">\n\t\t\t\t\t<\/div>\n\t\t\t\t\t\t<\/div>\n\t\t\t\t<\/div>\n\t\t\t\t<div class=\"elementor-element elementor-element-384067c elementor-align-right elementor-widget elementor-widget-button\" data-id=\"384067c\" data-element_type=\"widget\" data-widget_type=\"button.default\">\n\t\t\t\t<div class=\"elementor-widget-container\">\n\t\t\t\t\t\t\t\t\t<div class=\"elementor-button-wrapper\">\n\t\t\t\t\t<a class=\"elementor-button elementor-button-link elementor-size-sm\" href=\"https:\/\/pmscorp.vn\/en\/du-an\/du-an-tai-cac-nm-khac\/\">\n\t\t\t\t\t\t<span class=\"elementor-button-content-wrapper\">\n\t\t\t\t\t\t<span class=\"elementor-button-icon\">\n\t\t\t\t<i aria-hidden=\"true\" class=\"far fa-arrow-alt-circle-right\"><\/i>\t\t\t<\/span>\n\t\t\t\t\t\t\t\t\t<span class=\"elementor-button-text\">see more<\/span>\n\t\t\t\t\t<\/span>\n\t\t\t\t\t<\/a>\n\t\t\t\t<\/div>\n\t\t\t\t\t\t\t\t<\/div>\n\t\t\t\t<\/div>\n\t\t\t\t\t<\/div>\n\t\t<\/div>\n\t\t\t\t\t<\/div>\n\t\t<\/section>\n\t\t\t\t<\/div>","protected":false},"excerpt":{"rendered":"<p>D\u1ef1 \u00e1n t\u1ea1i c\u00e1c NM kh\u00e1c PMS th\u1ef1c hi\u1ec7n d\u1ef1 \u00e1n thi\u1ebft k\u1ebf, gia c\u00f4ng, l\u1eafp \u0111\u1eb7t b\u00ecnh t\u00edch, ho\u00e1 h\u01a1i kh\u00ed O2, CO2 cho [&hellip;]<\/p>","protected":false},"author":3,"featured_media":0,"parent":0,"menu_order":0,"comment_status":"closed","ping_status":"closed","template":"","meta":{"site-sidebar-layout":"no-sidebar","site-content-layout":"page-builder","ast-site-content-layout":"full-width-container","site-content-style":"default","site-sidebar-style":"default","ast-global-header-display":"","ast-banner-title-visibility":"","ast-main-header-display":"","ast-hfb-above-header-display":"","ast-hfb-below-header-display":"","ast-hfb-mobile-header-display":"","site-post-title":"disabled","ast-breadcrumbs-content":"","ast-featured-img":"disabled","footer-sml-layout":"","ast-disable-related-posts":"","theme-transparent-header-meta":"default","adv-header-id-meta":"","stick-header-meta":"default","header-above-stick-meta":"","header-main-stick-meta":"","header-below-stick-meta":"","astra-migrate-meta-layouts":"set","ast-page-background-enabled":"default","ast-page-background-meta":{"desktop":{"background-color":"var(--ast-global-color-4)","background-image":"","background-repeat":"repeat","background-position":"center center","background-size":"auto","background-attachment":"scroll","background-type":"","background-media":"","overlay-type":"","overlay-color":"","overlay-opacity":"","overlay-gradient":""},"tablet":{"background-color":"","background-image":"","background-repeat":"repeat","background-position":"center center","background-size":"auto","background-attachment":"scroll","background-type":"","background-media":"","overlay-type":"","overlay-color":"","overlay-opacity":"","overlay-gradient":""},"mobile":{"background-color":"","background-image":"","background-repeat":"repeat","background-position":"center center","background-size":"auto","background-attachment":"scroll","background-type":"","background-media":"","overlay-type":"","overlay-color":"","overlay-opacity":"","overlay-gradient":""}},"ast-content-background-meta":{"desktop":{"background-color":"var(--ast-global-color-5)","background-image":"","background-repeat":"repeat","background-position":"center center","background-size":"auto","background-attachment":"scroll","background-type":"","background-media":"","overlay-type":"","overlay-color":"","overlay-opacity":"","overlay-gradient":""},"tablet":{"background-color":"var(--ast-global-color-5)","background-image":"","background-repeat":"repeat","background-position":"center center","background-size":"auto","background-attachment":"scroll","background-type":"","background-media":"","overlay-type":"","overlay-color":"","overlay-opacity":"","overlay-gradient":""},"mobile":{"background-color":"var(--ast-global-color-5)","background-image":"","background-repeat":"repeat","background-position":"center center","background-size":"auto","background-attachment":"scroll","background-type":"","background-media":"","overlay-type":"","overlay-color":"","overlay-opacity":"","overlay-gradient":""}},"footnotes":""},"class_list":["post-5221","page","type-page","status-publish","hentry"],"_links":{"self":[{"href":"https:\/\/pmscorp.vn\/en\/wp-json\/wp\/v2\/pages\/5221","targetHints":{"allow":["GET"]}}],"collection":[{"href":"https:\/\/pmscorp.vn\/en\/wp-json\/wp\/v2\/pages"}],"about":[{"href":"https:\/\/pmscorp.vn\/en\/wp-json\/wp\/v2\/types\/page"}],"author":[{"embeddable":true,"href":"https:\/\/pmscorp.vn\/en\/wp-json\/wp\/v2\/users\/3"}],"replies":[{"embeddable":true,"href":"https:\/\/pmscorp.vn\/en\/wp-json\/wp\/v2\/comments?post=5221"}],"version-history":[{"count":0,"href":"https:\/\/pmscorp.vn\/en\/wp-json\/wp\/v2\/pages\/5221\/revisions"}],"wp:attachment":[{"href":"https:\/\/pmscorp.vn\/en\/wp-json\/wp\/v2\/media?parent=5221"}],"curies":[{"name":"wp","href":"https:\/\/api.w.org\/{rel}","templated":true}]}}