{"id":5223,"date":"2024-07-15T09:51:28","date_gmt":"2024-07-15T02:51:28","guid":{"rendered":"https:\/\/demo.tongluc.com\/?page_id=5223"},"modified":"2024-11-22T16:11:31","modified_gmt":"2024-11-22T09:11:31","slug":"du-an-tai-nmld-dung-quat","status":"publish","type":"page","link":"https:\/\/pmscorp.vn\/en\/du-an-tai-nmld-dung-quat\/","title":{"rendered":"Project at Dung Quat Oil Refinery"},"content":{"rendered":"<div data-elementor-type=\"wp-page\" data-elementor-id=\"5223\" class=\"elementor elementor-5223\">\n\t\t\t\t\t\t<section class=\"elementor-section elementor-top-section elementor-element elementor-element-8860858 elementor-section-boxed elementor-section-height-default elementor-section-height-default\" data-id=\"8860858\" data-element_type=\"section\">\n\t\t\t\t\t\t<div class=\"elementor-container elementor-column-gap-default\">\n\t\t\t\t\t<div class=\"elementor-column elementor-col-33 elementor-top-column elementor-element elementor-element-7acc833 elementor-hidden-tablet elementor-hidden-mobile\" data-id=\"7acc833\" data-element_type=\"column\">\n\t\t\t<div class=\"elementor-widget-wrap elementor-element-populated\">\n\t\t\t\t\t\t<div class=\"elementor-element elementor-element-2650afb elementor-widget elementor-widget-shortcode\" data-id=\"2650afb\" data-element_type=\"widget\" data-widget_type=\"shortcode.default\">\n\t\t\t\t<div class=\"elementor-widget-container\">\n\t\t\t\t\t\t\t<div class=\"elementor-shortcode\">\t\t\t\t\t<div class=\"astra-advanced-hook-5570\">\n\t\t\t\t\t\t<div data-elementor-type=\"wp-post\" data-elementor-id=\"5570\" class=\"elementor elementor-5570\">\n\t\t\t\t\t\t<section class=\"elementor-section elementor-top-section elementor-element elementor-element-ebdd3c2 elementor-section-boxed elementor-section-height-default elementor-section-height-default\" data-id=\"ebdd3c2\" data-element_type=\"section\">\n\t\t\t\t\t\t<div class=\"elementor-container elementor-column-gap-no\">\n\t\t\t\t\t<div class=\"elementor-column elementor-col-100 elementor-top-column elementor-element elementor-element-3385576 elementor-hidden-tablet elementor-hidden-mobile\" data-id=\"3385576\" data-element_type=\"column\">\n\t\t\t<div class=\"elementor-widget-wrap elementor-element-populated\">\n\t\t\t\t\t\t<div class=\"elementor-element elementor-element-d0b4791 elementor-widget elementor-widget-heading\" data-id=\"d0b4791\" data-element_type=\"widget\" data-widget_type=\"heading.default\">\n\t\t\t\t<div class=\"elementor-widget-container\">\n\t\t\t\t\t<h2 class=\"elementor-heading-title elementor-size-default\">Outstanding project<\/h2>\t\t\t\t<\/div>\n\t\t\t\t<\/div>\n\t\t\t\t<div class=\"elementor-element elementor-element-565c0f6 elementor-position-left elementor-vertical-align-middle elementor-widget elementor-widget-image-box\" data-id=\"565c0f6\" data-element_type=\"widget\" data-widget_type=\"image-box.default\">\n\t\t\t\t<div class=\"elementor-widget-container\">\n\t\t\t\t\t<div class=\"elementor-image-box-wrapper\"><figure class=\"elementor-image-box-img\"><a href=\"https:\/\/pmscorp.vn\/en\/du-an-tai-nmld-dung-quat\/\" tabindex=\"-1\"><img loading=\"lazy\" decoding=\"async\" width=\"100\" height=\"100\" src=\"https:\/\/pmscorp.vn\/wp-content\/uploads\/2024\/07\/pms.jpg\" class=\"attachment-full size-full wp-image-4531\" alt=\"\" srcset=\"https:\/\/pmscorp.vn\/wp-content\/uploads\/2024\/07\/pms.jpg 100w, https:\/\/pmscorp.vn\/wp-content\/uploads\/2024\/07\/pms-12x12.jpg 12w\" sizes=\"auto, (max-width: 100px) 100vw, 100px\" \/><\/a><\/figure><div class=\"elementor-image-box-content\"><h3 class=\"elementor-image-box-title\"><a href=\"https:\/\/pmscorp.vn\/en\/du-an-tai-nmld-dung-quat\/\">Project at Dung Quat Oil Refinery<\/a><\/h3><\/div><\/div>\t\t\t\t<\/div>\n\t\t\t\t<\/div>\n\t\t\t\t<div class=\"elementor-element elementor-element-abc8da5 elementor-position-left elementor-vertical-align-middle elementor-widget elementor-widget-image-box\" data-id=\"abc8da5\" data-element_type=\"widget\" data-widget_type=\"image-box.default\">\n\t\t\t\t<div class=\"elementor-widget-container\">\n\t\t\t\t\t<div class=\"elementor-image-box-wrapper\"><figure class=\"elementor-image-box-img\"><a href=\"https:\/\/pmscorp.vn\/en\/du-an-tai-nmld-nghi-son\/\" tabindex=\"-1\"><img loading=\"lazy\" decoding=\"async\" width=\"100\" height=\"100\" src=\"https:\/\/pmscorp.vn\/wp-content\/uploads\/2024\/07\/pms-1.jpg\" class=\"attachment-full size-full wp-image-4536\" alt=\"\" srcset=\"https:\/\/pmscorp.vn\/wp-content\/uploads\/2024\/07\/pms-1.jpg 100w, https:\/\/pmscorp.vn\/wp-content\/uploads\/2024\/07\/pms-1-12x12.jpg 12w\" sizes=\"auto, (max-width: 100px) 100vw, 100px\" \/><\/a><\/figure><div class=\"elementor-image-box-content\"><h3 class=\"elementor-image-box-title\"><a href=\"https:\/\/pmscorp.vn\/en\/du-an-tai-nmld-nghi-son\/\">Project at Nghi Son Oil Refinery<\/a><\/h3><\/div><\/div>\t\t\t\t<\/div>\n\t\t\t\t<\/div>\n\t\t\t\t<div class=\"elementor-element elementor-element-48f5fb6 elementor-position-left elementor-vertical-align-middle elementor-widget elementor-widget-image-box\" data-id=\"48f5fb6\" data-element_type=\"widget\" data-widget_type=\"image-box.default\">\n\t\t\t\t<div class=\"elementor-widget-container\">\n\t\t\t\t\t<div class=\"elementor-image-box-wrapper\"><figure class=\"elementor-image-box-img\"><a href=\"https:\/\/pmscorp.vn\/en\/du-an-tai-cac-nm-khac\/\" tabindex=\"-1\"><img loading=\"lazy\" decoding=\"async\" width=\"100\" height=\"100\" src=\"https:\/\/pmscorp.vn\/wp-content\/uploads\/2024\/07\/pms-4.jpg\" class=\"attachment-full size-full wp-image-4539\" alt=\"\" srcset=\"https:\/\/pmscorp.vn\/wp-content\/uploads\/2024\/07\/pms-4.jpg 100w, https:\/\/pmscorp.vn\/wp-content\/uploads\/2024\/07\/pms-4-12x12.jpg 12w\" sizes=\"auto, (max-width: 100px) 100vw, 100px\" \/><\/a><\/figure><div class=\"elementor-image-box-content\"><h3 class=\"elementor-image-box-title\"><a href=\"https:\/\/pmscorp.vn\/en\/du-an-tai-cac-nm-khac\/\">Projects at other factories<\/a><\/h3><\/div><\/div>\t\t\t\t<\/div>\n\t\t\t\t<\/div>\n\t\t\t\t\t<\/div>\n\t\t<\/div>\n\t\t\t\t\t<\/div>\n\t\t<\/section>\n\t\t\t\t<\/div>\n\t\t\t\t\t\t\t<\/div>\n\t\t\t\t<\/div>\n\t\t\t\t\t\t<\/div>\n\t\t\t\t<\/div>\n\t\t\t\t\t<\/div>\n\t\t<\/div>\n\t\t\t\t<div class=\"elementor-column elementor-col-66 elementor-top-column elementor-element elementor-element-a9d8207\" data-id=\"a9d8207\" data-element_type=\"column\">\n\t\t\t<div class=\"elementor-widget-wrap elementor-element-populated\">\n\t\t\t\t\t\t<div class=\"elementor-element elementor-element-b84e67e elementor-widget elementor-widget-heading\" data-id=\"b84e67e\" data-element_type=\"widget\" data-widget_type=\"heading.default\">\n\t\t\t\t<div class=\"elementor-widget-container\">\n\t\t\t\t\t<h2 class=\"elementor-heading-title elementor-size-default\">Project at Dung Quat Oil Refinery<\/h2>\t\t\t\t<\/div>\n\t\t\t\t<\/div>\n\t\t\t\t<div class=\"elementor-element elementor-element-5fd5226 list-tintuc elementor-widget elementor-widget-uael-posts\" data-id=\"5fd5226\" data-element_type=\"widget\" data-settings=\"{&quot;classic_slides_to_show&quot;:2,&quot;classic_slides_to_show_tablet&quot;:2,&quot;classic_slides_to_show_mobile&quot;:1,&quot;classic_show_filters&quot;:&quot;no&quot;}\" data-widget_type=\"uael-posts.classic\">\n\t\t\t\t<div class=\"elementor-widget-container\">\n\t\t\t\t\t\t\t<div class=\"uael-post__header\">\n\t\t\t\t\t<\/div>\n\t\t<div class=\"uael-post__body\">\n\t\t\t\n\t\t\n\t\t<div class=\"uael-blog-terms-position- uael-post-image-top uael-post-grid uael-posts\" data-query-type=\"custom\" data-structure=\"normal\" data-layout=\"\" data-page=\"5223\" data-skin=\"classic\" data-filter-default=\"\" data-offset-top=\"30\" >\n\n\t\t\t\t\t\t\t<div class=\"uael-post-grid__inner uael-post__columns-2 uael-post__columns-tablet-2 uael-post__columns-mobile-1\">\n\t\t\t\n<div class=\"uael-post-wrapper   d\u1ef1-\u00e1n d\u1ef1-\u00e1n-t\u1ea1i-nmld-dung-qu\u1ea5t tin-t\u1ee9c-pms\">\n\t<div class=\"uael-post__bg-wrap uael-bg-wrap-disabled\">\n\n\t\t\t\t\n\t\t<div class=\"uael-post__inner-wrap uael-inner-wrap-disabled\">\n\n\t\t\t\t<div class=\"uael-post__thumbnail\">\n\t\t\t\n\t\t\t<a href=\"https:\/\/pmscorp.vn\/en\/cung-cap-dich-kiem-tra-khong-pha-huy-ndt-tai-nha-may-loc-dau-dung-quat\/\" target=\"_self\" title=\"Cung c\u1ea5p d\u1ecbch v\u1ee5 Ki\u1ec3m tra kh\u00f4ng ph\u00e1 h\u1ee7y NDT t\u1ea1i Nh\u00e0 m\u00e1y l\u1ecdc d\u1ea7u Dung Qu\u1ea5t\"><img loading=\"lazy\" decoding=\"async\" width=\"1280\" height=\"960\" src=\"https:\/\/pmscorp.vn\/wp-content\/uploads\/2026\/03\/Dich-vu-kiem-tra-noi-soi-cho-tubes-HEX-va-AFC.jpg\" class=\"attachment-full size-full wp-image-7266\" alt=\"\" srcset=\"https:\/\/pmscorp.vn\/wp-content\/uploads\/2026\/03\/Dich-vu-kiem-tra-noi-soi-cho-tubes-HEX-va-AFC.jpg 1280w, https:\/\/pmscorp.vn\/wp-content\/uploads\/2026\/03\/Dich-vu-kiem-tra-noi-soi-cho-tubes-HEX-va-AFC-16x12.jpg 16w\" sizes=\"auto, (max-width: 1280px) 100vw, 1280px\" \/><\/a>\n\t\t\t\t\t<\/div>\n\t\t\n\t\t\t\n\t\t\t<div class=\"uael-post__content-wrap uael-content-wrap-disabled\">\n\t\t\t\t\t<h3 class=\"uael-post__title\">\n\n\t\t\n\t\t\t\t\t\t<a href=\"https:\/\/pmscorp.vn\/en\/cung-cap-dich-kiem-tra-khong-pha-huy-ndt-tai-nha-may-loc-dau-dung-quat\/\" target=\"_self\">\n\t\t\t\tCung c\u1ea5p d\u1ecbch v\u1ee5 Ki\u1ec3m tra kh\u00f4ng ph\u00e1 h\u1ee7y NDT t\u1ea1i Nh\u00e0 m\u00e1y l\u1ecdc d\u1ea7u Dung Qu\u1ea5t\t\t\t<\/a>\n\n\t\t\t\t<\/h3>\n\t\t\t\t\t<div class=\"uael-post__meta-data\">\n\t\t\t\t\t<span class=\"uael-post__date\">\n\t\t\t\t\t\t\t\t\t\t\t\t\t<i aria-hidden=\"true\" class=\"fa fa-calendar\"><\/i>\t\t\t\t\t\t\t\t\t\n\t\t\t12\/03\/2026\t\t<\/span>\n\t\t\t\t<\/div>\n\t\t\t\t\t<\/div>\n\t\t\t\n\t\t<\/div>\n\t\t\n\t<\/div>\n\n<\/div>\n\n<div class=\"uael-post-wrapper   d\u1ef1-\u00e1n d\u1ef1-\u00e1n-t\u1ea1i-nmld-dung-qu\u1ea5t\">\n\t<div class=\"uael-post__bg-wrap uael-bg-wrap-disabled\">\n\n\t\t\t\t\n\t\t<div class=\"uael-post__inner-wrap uael-inner-wrap-disabled\">\n\n\t\t\t\t<div class=\"uael-post__thumbnail\">\n\t\t\t\n\t\t\t<a href=\"https:\/\/pmscorp.vn\/en\/cung-cap-dich-vu-gian-giao-tai-nha-may-loc-dau-dung-quat-trong-dot-bao-duong-tong-the-lan-4\/\" target=\"_self\" title=\"Providing scaffolding services at Dung Quat Oil Refinery during the 4th general maintenance\"><img loading=\"lazy\" decoding=\"async\" width=\"1024\" height=\"768\" src=\"https:\/\/pmscorp.vn\/wp-content\/uploads\/2024\/04\/gdta43.jpg\" class=\"attachment-full size-full wp-image-4092\" alt=\"\" \/><\/a>\n\t\t\t\t\t<\/div>\n\t\t\n\t\t\t\n\t\t\t<div class=\"uael-post__content-wrap uael-content-wrap-disabled\">\n\t\t\t\t\t<h3 class=\"uael-post__title\">\n\n\t\t\n\t\t\t\t\t\t<a href=\"https:\/\/pmscorp.vn\/en\/cung-cap-dich-vu-gian-giao-tai-nha-may-loc-dau-dung-quat-trong-dot-bao-duong-tong-the-lan-4\/\" target=\"_self\">\n\t\t\t\tProviding scaffolding services at Dung Quat Oil Refinery during the 4th general maintenance\t\t\t<\/a>\n\n\t\t\t\t<\/h3>\n\t\t\t\t\t<div class=\"uael-post__meta-data\">\n\t\t\t\t\t<span class=\"uael-post__date\">\n\t\t\t\t\t\t\t\t\t\t\t\t\t<i aria-hidden=\"true\" class=\"fa fa-calendar\"><\/i>\t\t\t\t\t\t\t\t\t\n\t\t\t23\/12\/2022\t\t<\/span>\n\t\t\t\t<\/div>\n\t\t\t\t\t<\/div>\n\t\t\t\n\t\t<\/div>\n\t\t\n\t<\/div>\n\n<\/div>\n\n<div class=\"uael-post-wrapper   d\u1ef1-\u00e1n d\u1ef1-\u00e1n-t\u1ea1i-nmld-dung-qu\u1ea5t\">\n\t<div class=\"uael-post__bg-wrap uael-bg-wrap-disabled\">\n\n\t\t\t\t\n\t\t<div class=\"uael-post__inner-wrap uael-inner-wrap-disabled\">\n\n\t\t\t\t<div class=\"uael-post__thumbnail\">\n\t\t\t\n\t\t\t<a href=\"https:\/\/pmscorp.vn\/en\/nha-may-loc-dau-dung-quat-bsr\/\" target=\"_self\" title=\"Providing NDT services at Dung Quat Oil Refinery \u2013 BSR\"><img loading=\"lazy\" decoding=\"async\" width=\"1024\" height=\"768\" src=\"https:\/\/pmscorp.vn\/wp-content\/uploads\/2024\/03\/ndt10.jpg\" class=\"attachment-full size-full wp-image-4127\" alt=\"\" \/><\/a>\n\t\t\t\t\t<\/div>\n\t\t\n\t\t\t\n\t\t\t<div class=\"uael-post__content-wrap uael-content-wrap-disabled\">\n\t\t\t\t\t<h3 class=\"uael-post__title\">\n\n\t\t\n\t\t\t\t\t\t<a href=\"https:\/\/pmscorp.vn\/en\/nha-may-loc-dau-dung-quat-bsr\/\" target=\"_self\">\n\t\t\t\tProviding NDT services at Dung Quat Oil Refinery - BSR\t\t\t<\/a>\n\n\t\t\t\t<\/h3>\n\t\t\t\t\t<div class=\"uael-post__meta-data\">\n\t\t\t\t\t<span class=\"uael-post__date\">\n\t\t\t\t\t\t\t\t\t\t\t\t\t<i aria-hidden=\"true\" class=\"fa fa-calendar\"><\/i>\t\t\t\t\t\t\t\t\t\n\t\t\t22\/12\/2022\t\t<\/span>\n\t\t\t\t<\/div>\n\t\t\t\t\t<\/div>\n\t\t\t\n\t\t<\/div>\n\t\t\n\t<\/div>\n\n<\/div>\n\n<div class=\"uael-post-wrapper   d\u1ef1-\u00e1n d\u1ef1-\u00e1n-t\u1ea1i-nmld-dung-qu\u1ea5t\">\n\t<div class=\"uael-post__bg-wrap uael-bg-wrap-disabled\">\n\n\t\t\t\t\n\t\t<div class=\"uael-post__inner-wrap uael-inner-wrap-disabled\">\n\n\t\t\t\t<div class=\"uael-post__thumbnail\">\n\t\t\t\n\t\t\t<a href=\"https:\/\/pmscorp.vn\/en\/nha-may-loc-hoa-dau-dung-quat\/\" target=\"_self\" title=\"Paint tank TK6001D - Dung Quat Petrochemical Refinery\"><img loading=\"lazy\" decoding=\"async\" width=\"640\" height=\"480\" src=\"https:\/\/pmscorp.vn\/wp-content\/uploads\/2024\/03\/sb1.jpg\" class=\"attachment-full size-full wp-image-4168\" alt=\"\" \/><\/a>\n\t\t\t\t\t<\/div>\n\t\t\n\t\t\t\n\t\t\t<div class=\"uael-post__content-wrap uael-content-wrap-disabled\">\n\t\t\t\t\t<h3 class=\"uael-post__title\">\n\n\t\t\n\t\t\t\t\t\t<a href=\"https:\/\/pmscorp.vn\/en\/nha-may-loc-hoa-dau-dung-quat\/\" target=\"_self\">\n\t\t\t\tPaint tank TK6001D - Dung Quat Petrochemical Refinery\t\t\t<\/a>\n\n\t\t\t\t<\/h3>\n\t\t\t\t\t<div class=\"uael-post__meta-data\">\n\t\t\t\t\t<span class=\"uael-post__date\">\n\t\t\t\t\t\t\t\t\t\t\t\t\t<i aria-hidden=\"true\" class=\"fa fa-calendar\"><\/i>\t\t\t\t\t\t\t\t\t\n\t\t\t22\/11\/2020\t\t<\/span>\n\t\t\t\t<\/div>\n\t\t\t\t\t<\/div>\n\t\t\t\n\t\t<\/div>\n\t\t\n\t<\/div>\n\n<\/div>\n\n<div class=\"uael-post-wrapper   d\u1ef1-\u00e1n d\u1ef1-\u00e1n-t\u1ea1i-nmld-dung-qu\u1ea5t\">\n\t<div class=\"uael-post__bg-wrap uael-bg-wrap-disabled\">\n\n\t\t\t\t\n\t\t<div class=\"uael-post__inner-wrap uael-inner-wrap-disabled\">\n\n\t\t\t\t<div class=\"uael-post__thumbnail\">\n\t\t\t\n\t\t\t<a href=\"https:\/\/pmscorp.vn\/en\/nha-may-loc-dau-dung-quat-lan-4\/\" target=\"_self\" title=\"Providing materials and performing monitoring hole construction services and installing automatic, continuous monitoring equipment for BSR\"><img loading=\"lazy\" decoding=\"async\" width=\"1024\" height=\"576\" src=\"https:\/\/pmscorp.vn\/wp-content\/uploads\/2024\/03\/QT1.jpg\" class=\"attachment-full size-full wp-image-4136\" alt=\"\" \/><\/a>\n\t\t\t\t\t<\/div>\n\t\t\n\t\t\t\n\t\t\t<div class=\"uael-post__content-wrap uael-content-wrap-disabled\">\n\t\t\t\t\t<h3 class=\"uael-post__title\">\n\n\t\t\n\t\t\t\t\t\t<a href=\"https:\/\/pmscorp.vn\/en\/nha-may-loc-dau-dung-quat-lan-4\/\" target=\"_self\">\n\t\t\t\tProviding materials and performing monitoring hole construction services and installing automatic, continuous monitoring equipment for BSR\t\t\t<\/a>\n\n\t\t\t\t<\/h3>\n\t\t\t\t\t<div class=\"uael-post__meta-data\">\n\t\t\t\t\t<span class=\"uael-post__date\">\n\t\t\t\t\t\t\t\t\t\t\t\t\t<i aria-hidden=\"true\" class=\"fa fa-calendar\"><\/i>\t\t\t\t\t\t\t\t\t\n\t\t\t22\/11\/2020\t\t<\/span>\n\t\t\t\t<\/div>\n\t\t\t\t\t<\/div>\n\t\t\t\n\t\t<\/div>\n\t\t\n\t<\/div>\n\n<\/div>\n\n<div class=\"uael-post-wrapper   d\u1ef1-\u00e1n d\u1ef1-\u00e1n-t\u1ea1i-nmld-dung-qu\u1ea5t\">\n\t<div class=\"uael-post__bg-wrap uael-bg-wrap-disabled\">\n\n\t\t\t\t\n\t\t<div class=\"uael-post__inner-wrap uael-inner-wrap-disabled\">\n\n\t\t\t\t<div class=\"uael-post__thumbnail\">\n\t\t\t\n\t\t\t<a href=\"https:\/\/pmscorp.vn\/en\/nha-may-loc-dau-dung-quat-2\/\" target=\"_self\" title=\"Cleaning chemical equipment for the AMINE system of Dung Quat Oil Refinery during the 4th general maintenance\"><img loading=\"lazy\" decoding=\"async\" width=\"480\" height=\"640\" src=\"https:\/\/pmscorp.vn\/wp-content\/uploads\/2024\/04\/anima4.jpg\" class=\"attachment-full size-full wp-image-4216\" alt=\"\" \/><\/a>\n\t\t\t\t\t<\/div>\n\t\t\n\t\t\t\n\t\t\t<div class=\"uael-post__content-wrap uael-content-wrap-disabled\">\n\t\t\t\t\t<h3 class=\"uael-post__title\">\n\n\t\t\n\t\t\t\t\t\t<a href=\"https:\/\/pmscorp.vn\/en\/nha-may-loc-dau-dung-quat-2\/\" target=\"_self\">\n\t\t\t\tCleaning chemical equipment for the AMINE system of Dung Quat Oil Refinery during the 4th general maintenance\t\t\t<\/a>\n\n\t\t\t\t<\/h3>\n\t\t\t\t\t<div class=\"uael-post__meta-data\">\n\t\t\t\t\t<span class=\"uael-post__date\">\n\t\t\t\t\t\t\t\t\t\t\t\t\t<i aria-hidden=\"true\" class=\"fa fa-calendar\"><\/i>\t\t\t\t\t\t\t\t\t\n\t\t\t17\/11\/2020\t\t<\/span>\n\t\t\t\t<\/div>\n\t\t\t\t\t<\/div>\n\t\t\t\n\t\t<\/div>\n\t\t\n\t<\/div>\n\n<\/div>\n\n<div class=\"uael-post-wrapper   d\u1ef1-\u00e1n d\u1ef1-\u00e1n-t\u1ea1i-nmld-dung-qu\u1ea5t\">\n\t<div class=\"uael-post__bg-wrap uael-bg-wrap-disabled\">\n\n\t\t\t\t\n\t\t<div class=\"uael-post__inner-wrap uael-inner-wrap-disabled\">\n\n\t\t\t\t<div class=\"uael-post__thumbnail\">\n\t\t\t\n\t\t\t<a href=\"https:\/\/pmscorp.vn\/en\/nha-may-loc-hoa-dau-dung-quat-2\/\" target=\"_self\" title=\"PMS ho\u00e0n th\u00e0nh d\u1ef1 \u00e1n thi c\u00f4ng x\u00e2y l\u1eafp nh\u00e0 c\u1ed1 \u0111\u1ecbnh U40 &#038; U60 t\u1ea1i BSR\"><img loading=\"lazy\" decoding=\"async\" width=\"1600\" height=\"1200\" src=\"https:\/\/pmscorp.vn\/wp-content\/uploads\/2024\/03\/U40.jpg\" class=\"attachment-full size-full wp-image-4130\" alt=\"\" \/><\/a>\n\t\t\t\t\t<\/div>\n\t\t\n\t\t\t\n\t\t\t<div class=\"uael-post__content-wrap uael-content-wrap-disabled\">\n\t\t\t\t\t<h3 class=\"uael-post__title\">\n\n\t\t\n\t\t\t\t\t\t<a href=\"https:\/\/pmscorp.vn\/en\/nha-may-loc-hoa-dau-dung-quat-2\/\" target=\"_self\">\n\t\t\t\tPMS completed the construction and installation project of fixed houses U40 &amp; U60 at BSR\t\t\t<\/a>\n\n\t\t\t\t<\/h3>\n\t\t\t\t\t<div class=\"uael-post__meta-data\">\n\t\t\t\t\t<span class=\"uael-post__date\">\n\t\t\t\t\t\t\t\t\t\t\t\t\t<i aria-hidden=\"true\" class=\"fa fa-calendar\"><\/i>\t\t\t\t\t\t\t\t\t\n\t\t\t22\/05\/2019\t\t<\/span>\n\t\t\t\t<\/div>\n\t\t\t\t\t<\/div>\n\t\t\t\n\t\t<\/div>\n\t\t\n\t<\/div>\n\n<\/div>\n\n<div class=\"uael-post-wrapper   d\u1ef1-\u00e1n d\u1ef1-\u00e1n-t\u1ea1i-nmld-dung-qu\u1ea5t\">\n\t<div class=\"uael-post__bg-wrap uael-bg-wrap-disabled\">\n\n\t\t\t\t\n\t\t<div class=\"uael-post__inner-wrap uael-inner-wrap-disabled\">\n\n\t\t\t\t<div class=\"uael-post__thumbnail\">\n\t\t\t\n\t\t\t<a href=\"https:\/\/pmscorp.vn\/en\/nha-may-loc-hoa-dau-binh-son\/\" target=\"_self\" title=\"Binh Son Refinery and Petrochemical Factory\"><img loading=\"lazy\" decoding=\"async\" width=\"640\" height=\"480\" src=\"https:\/\/pmscorp.vn\/wp-content\/uploads\/2024\/03\/mainoi.jpg\" class=\"attachment-full size-full wp-image-4156\" alt=\"\" \/><\/a>\n\t\t\t\t\t<\/div>\n\t\t\n\t\t\t\n\t\t\t<div class=\"uael-post__content-wrap uael-content-wrap-disabled\">\n\t\t\t\t\t<h3 class=\"uael-post__title\">\n\n\t\t\n\t\t\t\t\t\t<a href=\"https:\/\/pmscorp.vn\/en\/nha-may-loc-hoa-dau-binh-son\/\" target=\"_self\">\n\t\t\t\tBinh Son Refinery and Petrochemical Factory\t\t\t<\/a>\n\n\t\t\t\t<\/h3>\n\t\t\t\t\t<div class=\"uael-post__meta-data\">\n\t\t\t\t\t<span class=\"uael-post__date\">\n\t\t\t\t\t\t\t\t\t\t\t\t\t<i aria-hidden=\"true\" class=\"fa fa-calendar\"><\/i>\t\t\t\t\t\t\t\t\t\n\t\t\t22\/10\/2018\t\t<\/span>\n\t\t\t\t<\/div>\n\t\t\t\t\t<\/div>\n\t\t\t\n\t\t<\/div>\n\t\t\n\t<\/div>\n\n<\/div>\n\n<div class=\"uael-post-wrapper   d\u1ef1-\u00e1n d\u1ef1-\u00e1n-t\u1ea1i-nmld-dung-qu\u1ea5t\">\n\t<div class=\"uael-post__bg-wrap uael-bg-wrap-disabled\">\n\n\t\t\t\t\n\t\t<div class=\"uael-post__inner-wrap uael-inner-wrap-disabled\">\n\n\t\t\t\t<div class=\"uael-post__thumbnail\">\n\t\t\t\n\t\t\t<a href=\"https:\/\/pmscorp.vn\/en\/cong-ty-nthh-loc-hoa-dau-binh-son\/\" target=\"_self\" title=\"Maintenance and repair of pump shafts at BSR\"><img loading=\"lazy\" decoding=\"async\" width=\"542\" height=\"406\" src=\"https:\/\/pmscorp.vn\/wp-content\/uploads\/2016\/01\/bao-duong-bom.jpg\" class=\"attachment-full size-full wp-image-4352\" alt=\"\" \/><\/a>\n\t\t\t\t\t<\/div>\n\t\t\n\t\t\t\n\t\t\t<div class=\"uael-post__content-wrap uael-content-wrap-disabled\">\n\t\t\t\t\t<h3 class=\"uael-post__title\">\n\n\t\t\n\t\t\t\t\t\t<a href=\"https:\/\/pmscorp.vn\/en\/cong-ty-nthh-loc-hoa-dau-binh-son\/\" target=\"_self\">\n\t\t\t\tMaintenance and repair of pump shafts at BSR\t\t\t<\/a>\n\n\t\t\t\t<\/h3>\n\t\t\t\t\t<div class=\"uael-post__meta-data\">\n\t\t\t\t\t<span class=\"uael-post__date\">\n\t\t\t\t\t\t\t\t\t\t\t\t\t<i aria-hidden=\"true\" class=\"fa fa-calendar\"><\/i>\t\t\t\t\t\t\t\t\t\n\t\t\t12\/01\/2016\t\t<\/span>\n\t\t\t\t<\/div>\n\t\t\t\t\t<\/div>\n\t\t\t\n\t\t<\/div>\n\t\t\n\t<\/div>\n\n<\/div>\n\t\t\t\t<\/div>\n\t\t\t\t\t\t\n\t\t<\/div>\n\n\t\t\t\t\t\t<\/div>\n\t\t<div class=\"uael-post__footer\">\n\t\t\t\t\t<\/div>\n\t\t\t\t\t\t<\/div>\n\t\t\t\t<\/div>\n\t\t\t\t<div class=\"elementor-element elementor-element-db68528 elementor-align-right elementor-widget elementor-widget-button\" data-id=\"db68528\" data-element_type=\"widget\" data-widget_type=\"button.default\">\n\t\t\t\t<div class=\"elementor-widget-container\">\n\t\t\t\t\t\t\t\t\t<div class=\"elementor-button-wrapper\">\n\t\t\t\t\t<a class=\"elementor-button elementor-button-link elementor-size-sm\" href=\"https:\/\/pmscorp.vn\/en\/du-an\/du-an-tai-nmld-dung-quat\/\">\n\t\t\t\t\t\t<span class=\"elementor-button-content-wrapper\">\n\t\t\t\t\t\t<span class=\"elementor-button-icon\">\n\t\t\t\t<i aria-hidden=\"true\" class=\"far fa-arrow-alt-circle-right\"><\/i>\t\t\t<\/span>\n\t\t\t\t\t\t\t\t\t<span class=\"elementor-button-text\">see more<\/span>\n\t\t\t\t\t<\/span>\n\t\t\t\t\t<\/a>\n\t\t\t\t<\/div>\n\t\t\t\t\t\t\t\t<\/div>\n\t\t\t\t<\/div>\n\t\t\t\t\t<\/div>\n\t\t<\/div>\n\t\t\t\t\t<\/div>\n\t\t<\/section>\n\t\t\t\t<\/div>","protected":false},"excerpt":{"rendered":"<p>D\u1ef1 \u00e1n t\u1ea1i NMLD Dung Qu\u1ea5t Cung c\u1ea5p d\u1ecbch v\u1ee5 gi\u00e0n gi\u00e1o t\u1ea1i Nh\u00e0 m\u00e1y L\u1ecdc d\u1ea7u Dung Qu\u1ea5t trong \u0111\u1ee3t b\u1ea3o d\u01b0\u1ee1ng t\u1ed5ng th\u1ec3 [&hellip;]<\/p>","protected":false},"author":3,"featured_media":0,"parent":0,"menu_order":0,"comment_status":"closed","ping_status":"closed","template":"","meta":{"site-sidebar-layout":"no-sidebar","site-content-layout":"page-builder","ast-site-content-layout":"full-width-container","site-content-style":"default","site-sidebar-style":"default","ast-global-header-display":"","ast-banner-title-visibility":"","ast-main-header-display":"","ast-hfb-above-header-display":"","ast-hfb-below-header-display":"","ast-hfb-mobile-header-display":"","site-post-title":"disabled","ast-breadcrumbs-content":"","ast-featured-img":"disabled","footer-sml-layout":"","ast-disable-related-posts":"","theme-transparent-header-meta":"default","adv-header-id-meta":"","stick-header-meta":"default","header-above-stick-meta":"","header-main-stick-meta":"","header-below-stick-meta":"","astra-migrate-meta-layouts":"set","ast-page-background-enabled":"default","ast-page-background-meta":{"desktop":{"background-color":"var(--ast-global-color-4)","background-image":"","background-repeat":"repeat","background-position":"center center","background-size":"auto","background-attachment":"scroll","background-type":"","background-media":"","overlay-type":"","overlay-color":"","overlay-opacity":"","overlay-gradient":""},"tablet":{"background-color":"","background-image":"","background-repeat":"repeat","background-position":"center center","background-size":"auto","background-attachment":"scroll","background-type":"","background-media":"","overlay-type":"","overlay-color":"","overlay-opacity":"","overlay-gradient":""},"mobile":{"background-color":"","background-image":"","background-repeat":"repeat","background-position":"center center","background-size":"auto","background-attachment":"scroll","background-type":"","background-media":"","overlay-type":"","overlay-color":"","overlay-opacity":"","overlay-gradient":""}},"ast-content-background-meta":{"desktop":{"background-color":"var(--ast-global-color-5)","background-image":"","background-repeat":"repeat","background-position":"center center","background-size":"auto","background-attachment":"scroll","background-type":"","background-media":"","overlay-type":"","overlay-color":"","overlay-opacity":"","overlay-gradient":""},"tablet":{"background-color":"var(--ast-global-color-5)","background-image":"","background-repeat":"repeat","background-position":"center center","background-size":"auto","background-attachment":"scroll","background-type":"","background-media":"","overlay-type":"","overlay-color":"","overlay-opacity":"","overlay-gradient":""},"mobile":{"background-color":"var(--ast-global-color-5)","background-image":"","background-repeat":"repeat","background-position":"center center","background-size":"auto","background-attachment":"scroll","background-type":"","background-media":"","overlay-type":"","overlay-color":"","overlay-opacity":"","overlay-gradient":""}},"footnotes":""},"class_list":["post-5223","page","type-page","status-publish","hentry"],"_links":{"self":[{"href":"https:\/\/pmscorp.vn\/en\/wp-json\/wp\/v2\/pages\/5223","targetHints":{"allow":["GET"]}}],"collection":[{"href":"https:\/\/pmscorp.vn\/en\/wp-json\/wp\/v2\/pages"}],"about":[{"href":"https:\/\/pmscorp.vn\/en\/wp-json\/wp\/v2\/types\/page"}],"author":[{"embeddable":true,"href":"https:\/\/pmscorp.vn\/en\/wp-json\/wp\/v2\/users\/3"}],"replies":[{"embeddable":true,"href":"https:\/\/pmscorp.vn\/en\/wp-json\/wp\/v2\/comments?post=5223"}],"version-history":[{"count":0,"href":"https:\/\/pmscorp.vn\/en\/wp-json\/wp\/v2\/pages\/5223\/revisions"}],"wp:attachment":[{"href":"https:\/\/pmscorp.vn\/en\/wp-json\/wp\/v2\/media?parent=5223"}],"curies":[{"name":"wp","href":"https:\/\/api.w.org\/{rel}","templated":true}]}}