{"id":5673,"date":"2024-07-18T14:58:58","date_gmt":"2024-07-18T07:58:58","guid":{"rendered":"https:\/\/demo.tongluc.com\/?page_id=5673"},"modified":"2024-07-18T14:59:30","modified_gmt":"2024-07-18T07:59:30","slug":"he-thong-chat-luong","status":"publish","type":"page","link":"https:\/\/pmscorp.vn\/en\/he-thong-chat-luong\/","title":{"rendered":"Quality system"},"content":{"rendered":"<div data-elementor-type=\"wp-page\" data-elementor-id=\"5673\" class=\"elementor elementor-5673\">\n\t\t\t\t\t\t<section class=\"elementor-section elementor-top-section elementor-element elementor-element-10938a1 elementor-section-boxed elementor-section-height-default elementor-section-height-default\" data-id=\"10938a1\" data-element_type=\"section\">\n\t\t\t\t\t\t<div class=\"elementor-container elementor-column-gap-default\">\n\t\t\t\t\t<div class=\"elementor-column elementor-col-33 elementor-top-column elementor-element elementor-element-89c6a27 elementor-hidden-tablet elementor-hidden-mobile\" data-id=\"89c6a27\" data-element_type=\"column\">\n\t\t\t<div class=\"elementor-widget-wrap elementor-element-populated\">\n\t\t\t\t\t\t<div class=\"elementor-element elementor-element-19aff90 elementor-widget elementor-widget-shortcode\" data-id=\"19aff90\" data-element_type=\"widget\" data-widget_type=\"shortcode.default\">\n\t\t\t\t<div class=\"elementor-widget-container\">\n\t\t\t\t\t\t\t<div class=\"elementor-shortcode\">\t\t\t\t\t<div class=\"astra-advanced-hook-5498 ast-hide-display-device-tablet ast-hide-display-device-mobile\">\n\t\t\t\t\t\t<div data-elementor-type=\"wp-post\" data-elementor-id=\"5498\" class=\"elementor elementor-5498\">\n\t\t\t\t\t\t<section class=\"elementor-section elementor-top-section elementor-element elementor-element-4d62d1f elementor-section-boxed elementor-section-height-default elementor-section-height-default\" data-id=\"4d62d1f\" data-element_type=\"section\">\n\t\t\t\t\t\t<div class=\"elementor-container elementor-column-gap-default\">\n\t\t\t\t\t<div class=\"elementor-column elementor-col-100 elementor-top-column elementor-element elementor-element-d5bf6a2 elementor-hidden-tablet elementor-hidden-mobile\" data-id=\"d5bf6a2\" data-element_type=\"column\">\n\t\t\t<div class=\"elementor-widget-wrap elementor-element-populated\">\n\t\t\t\t\t\t<div class=\"elementor-element elementor-element-e43a4f7 elementor-widget elementor-widget-heading\" data-id=\"e43a4f7\" data-element_type=\"widget\" data-widget_type=\"heading.default\">\n\t\t\t\t<div class=\"elementor-widget-container\">\n\t\t\t\t\t<h2 class=\"elementor-heading-title elementor-size-default\">Introduce<\/h2>\t\t\t\t<\/div>\n\t\t\t\t<\/div>\n\t\t\t\t<div class=\"elementor-element elementor-element-4acf0cf elementor-position-left elementor-vertical-align-middle elementor-widget elementor-widget-image-box\" data-id=\"4acf0cf\" data-element_type=\"widget\" data-widget_type=\"image-box.default\">\n\t\t\t\t<div class=\"elementor-widget-container\">\n\t\t\t\t\t<div class=\"elementor-image-box-wrapper\"><figure class=\"elementor-image-box-img\"><a href=\"https:\/\/pmscorp.vn\/en\/gioi-thieu-tong-quan-ve-pms\/\" tabindex=\"-1\"><img loading=\"lazy\" decoding=\"async\" width=\"258\" height=\"236\" src=\"https:\/\/pmscorp.vn\/wp-content\/uploads\/2024\/07\/Asset-2.png\" class=\"attachment-full size-full wp-image-4542\" alt=\"\" srcset=\"https:\/\/pmscorp.vn\/wp-content\/uploads\/2024\/07\/Asset-2.png 258w, https:\/\/pmscorp.vn\/wp-content\/uploads\/2024\/07\/Asset-2-13x12.png 13w\" sizes=\"auto, (max-width: 258px) 100vw, 258px\" \/><\/a><\/figure><div class=\"elementor-image-box-content\"><h3 class=\"elementor-image-box-title\"><a href=\"https:\/\/pmscorp.vn\/en\/gioi-thieu-tong-quan-ve-pms\/\">An overview of PMS<\/a><\/h3><\/div><\/div>\t\t\t\t<\/div>\n\t\t\t\t<\/div>\n\t\t\t\t<div class=\"elementor-element elementor-element-5ab5e7e elementor-position-left elementor-vertical-align-middle elementor-widget elementor-widget-image-box\" data-id=\"5ab5e7e\" data-element_type=\"widget\" data-widget_type=\"image-box.default\">\n\t\t\t\t<div class=\"elementor-widget-container\">\n\t\t\t\t\t<div class=\"elementor-image-box-wrapper\"><figure class=\"elementor-image-box-img\"><a href=\"https:\/\/pmscorp.vn\/en\/tru-so-chi-nhanh-va-cac-vpdd\/\" tabindex=\"-1\"><img loading=\"lazy\" decoding=\"async\" width=\"600\" height=\"600\" src=\"https:\/\/pmscorp.vn\/wp-content\/uploads\/2024\/07\/icon.jpg\" class=\"attachment-full size-full wp-image-5104\" alt=\"\" srcset=\"https:\/\/pmscorp.vn\/wp-content\/uploads\/2024\/07\/icon.jpg 600w, https:\/\/pmscorp.vn\/wp-content\/uploads\/2024\/07\/icon-12x12.jpg 12w\" sizes=\"auto, (max-width: 600px) 100vw, 600px\" \/><\/a><\/figure><div class=\"elementor-image-box-content\"><h3 class=\"elementor-image-box-title\"><a href=\"https:\/\/pmscorp.vn\/en\/tru-so-chi-nhanh-va-cac-vpdd\/\">Head office, branches and representative offices<\/a><\/h3><\/div><\/div>\t\t\t\t<\/div>\n\t\t\t\t<\/div>\n\t\t\t\t<div class=\"elementor-element elementor-element-61d7d0e elementor-position-left elementor-vertical-align-middle elementor-widget elementor-widget-image-box\" data-id=\"61d7d0e\" data-element_type=\"widget\" data-widget_type=\"image-box.default\">\n\t\t\t\t<div class=\"elementor-widget-container\">\n\t\t\t\t\t<div class=\"elementor-image-box-wrapper\"><figure class=\"elementor-image-box-img\"><a href=\"https:\/\/pmscorp.vn\/en\/tam-nhin-su-menh-gia-tri-cot-loi\/\" tabindex=\"-1\"><img loading=\"lazy\" decoding=\"async\" width=\"258\" height=\"258\" src=\"https:\/\/pmscorp.vn\/wp-content\/uploads\/2024\/07\/Asset-3.png\" class=\"attachment-full size-full wp-image-4546\" alt=\"\" srcset=\"https:\/\/pmscorp.vn\/wp-content\/uploads\/2024\/07\/Asset-3.png 258w, https:\/\/pmscorp.vn\/wp-content\/uploads\/2024\/07\/Asset-3-12x12.png 12w\" sizes=\"auto, (max-width: 258px) 100vw, 258px\" \/><\/a><\/figure><div class=\"elementor-image-box-content\"><h3 class=\"elementor-image-box-title\"><a href=\"https:\/\/pmscorp.vn\/en\/tam-nhin-su-menh-gia-tri-cot-loi\/\">Vision, mission, core values<\/a><\/h3><\/div><\/div>\t\t\t\t<\/div>\n\t\t\t\t<\/div>\n\t\t\t\t<div class=\"elementor-element elementor-element-5b10b8c elementor-position-left elementor-vertical-align-middle elementor-widget elementor-widget-image-box\" data-id=\"5b10b8c\" data-element_type=\"widget\" data-widget_type=\"image-box.default\">\n\t\t\t\t<div class=\"elementor-widget-container\">\n\t\t\t\t\t<div class=\"elementor-image-box-wrapper\"><figure class=\"elementor-image-box-img\"><a href=\"https:\/\/pmscorp.vn\/en\/lich-su-hinh-thanh\/\" tabindex=\"-1\"><img loading=\"lazy\" decoding=\"async\" width=\"258\" height=\"258\" src=\"https:\/\/pmscorp.vn\/wp-content\/uploads\/2024\/07\/Asset-4.png\" class=\"attachment-full size-full wp-image-4545\" alt=\"\" srcset=\"https:\/\/pmscorp.vn\/wp-content\/uploads\/2024\/07\/Asset-4.png 258w, https:\/\/pmscorp.vn\/wp-content\/uploads\/2024\/07\/Asset-4-12x12.png 12w\" sizes=\"auto, (max-width: 258px) 100vw, 258px\" \/><\/a><\/figure><div class=\"elementor-image-box-content\"><h3 class=\"elementor-image-box-title\"><a href=\"https:\/\/pmscorp.vn\/en\/lich-su-hinh-thanh\/\">History begin<\/a><\/h3><\/div><\/div>\t\t\t\t<\/div>\n\t\t\t\t<\/div>\n\t\t\t\t<div class=\"elementor-element elementor-element-1ff7964 elementor-position-left elementor-vertical-align-middle elementor-widget elementor-widget-image-box\" data-id=\"1ff7964\" data-element_type=\"widget\" data-widget_type=\"image-box.default\">\n\t\t\t\t<div class=\"elementor-widget-container\">\n\t\t\t\t\t<div class=\"elementor-image-box-wrapper\"><figure class=\"elementor-image-box-img\"><a href=\"https:\/\/pmscorp.vn\/en\/he-thong-to-chuc\/\" tabindex=\"-1\"><img loading=\"lazy\" decoding=\"async\" width=\"258\" height=\"254\" src=\"https:\/\/pmscorp.vn\/wp-content\/uploads\/2024\/07\/Asset-6.png\" class=\"attachment-full size-full wp-image-4544\" alt=\"\" srcset=\"https:\/\/pmscorp.vn\/wp-content\/uploads\/2024\/07\/Asset-6.png 258w, https:\/\/pmscorp.vn\/wp-content\/uploads\/2024\/07\/Asset-6-12x12.png 12w\" sizes=\"auto, (max-width: 258px) 100vw, 258px\" \/><\/a><\/figure><div class=\"elementor-image-box-content\"><h3 class=\"elementor-image-box-title\"><a href=\"https:\/\/pmscorp.vn\/en\/he-thong-to-chuc\/\">Organizational system<\/a><\/h3><\/div><\/div>\t\t\t\t<\/div>\n\t\t\t\t<\/div>\n\t\t\t\t<div class=\"elementor-element elementor-element-dd4dcd1 elementor-position-left elementor-vertical-align-middle elementor-widget elementor-widget-image-box\" data-id=\"dd4dcd1\" data-element_type=\"widget\" data-widget_type=\"image-box.default\">\n\t\t\t\t<div class=\"elementor-widget-container\">\n\t\t\t\t\t<div class=\"elementor-image-box-wrapper\"><figure class=\"elementor-image-box-img\"><a href=\"https:\/\/pmscorp.vn\/en\/he-thong-chat-luong\/\" tabindex=\"-1\"><img loading=\"lazy\" decoding=\"async\" width=\"258\" height=\"254\" src=\"https:\/\/pmscorp.vn\/wp-content\/uploads\/2024\/07\/icon-2-1.jpg\" class=\"attachment-full size-full wp-image-5678\" alt=\"\" srcset=\"https:\/\/pmscorp.vn\/wp-content\/uploads\/2024\/07\/icon-2-1.jpg 258w, https:\/\/pmscorp.vn\/wp-content\/uploads\/2024\/07\/icon-2-1-12x12.jpg 12w\" sizes=\"auto, (max-width: 258px) 100vw, 258px\" \/><\/a><\/figure><div class=\"elementor-image-box-content\"><h3 class=\"elementor-image-box-title\"><a href=\"https:\/\/pmscorp.vn\/en\/he-thong-chat-luong\/\">Quality system<\/a><\/h3><\/div><\/div>\t\t\t\t<\/div>\n\t\t\t\t<\/div>\n\t\t\t\t<div class=\"elementor-element elementor-element-3faeb0f elementor-position-left elementor-vertical-align-middle elementor-widget elementor-widget-image-box\" data-id=\"3faeb0f\" data-element_type=\"widget\" data-widget_type=\"image-box.default\">\n\t\t\t\t<div class=\"elementor-widget-container\">\n\t\t\t\t\t<div class=\"elementor-image-box-wrapper\"><figure class=\"elementor-image-box-img\"><a href=\"https:\/\/pmscorp.vn\/en\/cac-chung-nhan-va-giai-thuong\/\" tabindex=\"-1\"><img loading=\"lazy\" decoding=\"async\" width=\"434\" height=\"512\" src=\"https:\/\/pmscorp.vn\/wp-content\/uploads\/2024\/07\/Asset-1.png\" class=\"attachment-full size-full wp-image-4543\" alt=\"\" srcset=\"https:\/\/pmscorp.vn\/wp-content\/uploads\/2024\/07\/Asset-1.png 434w, https:\/\/pmscorp.vn\/wp-content\/uploads\/2024\/07\/Asset-1-10x12.png 10w\" sizes=\"auto, (max-width: 434px) 100vw, 434px\" \/><\/a><\/figure><div class=\"elementor-image-box-content\"><h3 class=\"elementor-image-box-title\"><a href=\"https:\/\/pmscorp.vn\/en\/cac-chung-nhan-va-giai-thuong\/\">Awards and certifications<\/a><\/h3><\/div><\/div>\t\t\t\t<\/div>\n\t\t\t\t<\/div>\n\t\t\t\t\t<\/div>\n\t\t<\/div>\n\t\t\t\t\t<\/div>\n\t\t<\/section>\n\t\t\t\t<\/div>\n\t\t\t\t\t\t\t<\/div>\n\t\t\t\t<\/div>\n\t\t\t\t\t\t<\/div>\n\t\t\t\t<\/div>\n\t\t\t\t\t<\/div>\n\t\t<\/div>\n\t\t\t\t<div class=\"elementor-column elementor-col-66 elementor-top-column elementor-element elementor-element-1dfd5b1\" data-id=\"1dfd5b1\" data-element_type=\"column\">\n\t\t\t<div class=\"elementor-widget-wrap elementor-element-populated\">\n\t\t\t\t\t\t<div class=\"elementor-element elementor-element-eccad3d elementor-widget elementor-widget-heading\" data-id=\"eccad3d\" data-element_type=\"widget\" data-widget_type=\"heading.default\">\n\t\t\t\t<div class=\"elementor-widget-container\">\n\t\t\t\t\t<h2 class=\"elementor-heading-title elementor-size-default\">Quality system<\/h2>\t\t\t\t<\/div>\n\t\t\t\t<\/div>\n\t\t\t\t<div class=\"elementor-element elementor-element-78e44b1 elementor-arrows-position-inside elementor-pagination-position-outside elementor-widget elementor-widget-image-carousel\" data-id=\"78e44b1\" data-element_type=\"widget\" data-settings=\"{&quot;slides_to_show&quot;:&quot;1&quot;,&quot;navigation&quot;:&quot;both&quot;,&quot;autoplay&quot;:&quot;yes&quot;,&quot;pause_on_hover&quot;:&quot;yes&quot;,&quot;pause_on_interaction&quot;:&quot;yes&quot;,&quot;autoplay_speed&quot;:5000,&quot;infinite&quot;:&quot;yes&quot;,&quot;effect&quot;:&quot;slide&quot;,&quot;speed&quot;:500}\" data-widget_type=\"image-carousel.default\">\n\t\t\t\t<div class=\"elementor-widget-container\">\n\t\t\t\t\t\t\t<div class=\"elementor-image-carousel-wrapper swiper\" role=\"region\" aria-roledescription=\"carousel\" aria-label=\"Image Carousel\" dir=\"ltr\" data-no-translation-aria-label=\"\">\n\t\t\t<div class=\"elementor-image-carousel swiper-wrapper\" aria-live=\"off\">\n\t\t\t\t\t\t\t\t<div class=\"swiper-slide\" role=\"group\" aria-roledescription=\"slide\" aria-label=\"1 of 3\" data-no-translation-aria-label=\"\"><figure class=\"swiper-slide-inner\"><img decoding=\"async\" class=\"swiper-slide-image\" src=\"https:\/\/pmscorp.vn\/wp-content\/uploads\/2024\/07\/CERTIFICATE-ISO-45001-2018-Chung-nhan-He-thong-quan-ly-an-toan-va-suc-khoe-nghe-nghiep-ISO-45001-2018.jpg\" alt=\"CERTIFICATE ISO 45001:2018-Ch\u1ee9ng nh\u1eadn H\u1ec7 th\u1ed1ng qu\u1ea3n l\u00fd an to\u00e0n v\u00e0 s\u1ee9c kh\u1ecfe ngh\u1ec1 nghi\u1ec7p ISO 45001:2018\" \/><figcaption class=\"elementor-image-carousel-caption\">CERTIFICATE ISO 45001:2018-Certificate of Occupational Health and Safety Management System ISO 45001:2018<\/figcaption><\/figure><\/div><div class=\"swiper-slide\" role=\"group\" aria-roledescription=\"slide\" aria-label=\"2 of 3\" data-no-translation-aria-label=\"\"><figure class=\"swiper-slide-inner\"><img decoding=\"async\" class=\"swiper-slide-image\" src=\"https:\/\/pmscorp.vn\/wp-content\/uploads\/2024\/07\/CERTIFICATE-ISO-9001-2015-Chung-nhan-He-thong-quan-ly-chat-luong-ISO-9001-2015.jpg\" alt=\"CERTIFICATE ISO 9001:2015 - Ch\u1ee9ng nh\u1eadn H\u1ec7 th\u1ed1ng qu\u1ea3n l\u00fd ch\u1ea5t l\u01b0\u1ee3ng ISO 9001:2015\" \/><figcaption class=\"elementor-image-carousel-caption\">CERTIFICATE ISO 9001:2015 - Certification of Quality Management System ISO 9001:2015<\/figcaption><\/figure><\/div><div class=\"swiper-slide\" role=\"group\" aria-roledescription=\"slide\" aria-label=\"3 of 3\" data-no-translation-aria-label=\"\"><figure class=\"swiper-slide-inner\"><img decoding=\"async\" class=\"swiper-slide-image\" src=\"https:\/\/pmscorp.vn\/wp-content\/uploads\/2024\/07\/CERTIFICATE-ISO-14001-2015-Chung-nhan-He-thong-quan-ly-moi-truong-ISO-14001-2015.jpg\" alt=\"CERTIFICATE ISO 14001:2015- Ch\u1ee9ng nh\u1eadn H\u1ec7 th\u1ed1ng qu\u1ea3n l\u00fd m\u00f4i tr\u01b0\u1eddng ISO 14001:2015\" \/><figcaption class=\"elementor-image-carousel-caption\">CERTIFICATE ISO 14001:2015- Certification of Environmental Management System ISO 14001:2015<\/figcaption><\/figure><\/div>\t\t\t<\/div>\n\t\t\t\t\t\t\t\t\t\t\t\t<div class=\"elementor-swiper-button elementor-swiper-button-prev\" role=\"button\" tabindex=\"0\">\n\t\t\t\t\t\t<i aria-hidden=\"true\" class=\"eicon-chevron-left\"><\/i>\t\t\t\t\t<\/div>\n\t\t\t\t\t<div class=\"elementor-swiper-button elementor-swiper-button-next\" role=\"button\" tabindex=\"0\">\n\t\t\t\t\t\t<i aria-hidden=\"true\" class=\"eicon-chevron-right\"><\/i>\t\t\t\t\t<\/div>\n\t\t\t\t\n\t\t\t\t\t\t\t\t\t<div class=\"swiper-pagination\"><\/div>\n\t\t\t\t\t\t\t\t\t<\/div>\n\t\t\t\t\t\t<\/div>\n\t\t\t\t<\/div>\n\t\t\t\t\t<\/div>\n\t\t<\/div>\n\t\t\t\t\t<\/div>\n\t\t<\/section>\n\t\t\t\t<\/div>","protected":false},"excerpt":{"rendered":"<p>H\u1ec7 th\u1ed1ng ch\u1ea5t l\u01b0\u1ee3ng CERTIFICATE ISO 45001:2018-Ch\u1ee9ng nh\u1eadn H\u1ec7 th\u1ed1ng qu\u1ea3n l\u00fd an to\u00e0n v\u00e0 s\u1ee9c kh\u1ecfe ngh\u1ec1 nghi\u1ec7p ISO 45001:2018 CERTIFICATE ISO 9001:2015 &#8211; [&hellip;]<\/p>","protected":false},"author":3,"featured_media":0,"parent":0,"menu_order":0,"comment_status":"closed","ping_status":"closed","template":"","meta":{"site-sidebar-layout":"no-sidebar","site-content-layout":"page-builder","ast-site-content-layout":"full-width-container","site-content-style":"default","site-sidebar-style":"default","ast-global-header-display":"","ast-banner-title-visibility":"","ast-main-header-display":"","ast-hfb-above-header-display":"","ast-hfb-below-header-display":"","ast-hfb-mobile-header-display":"","site-post-title":"disabled","ast-breadcrumbs-content":"","ast-featured-img":"disabled","footer-sml-layout":"","ast-disable-related-posts":"","theme-transparent-header-meta":"default","adv-header-id-meta":"","stick-header-meta":"default","header-above-stick-meta":"","header-main-stick-meta":"","header-below-stick-meta":"","astra-migrate-meta-layouts":"set","ast-page-background-enabled":"default","ast-page-background-meta":{"desktop":{"background-color":"var(--ast-global-color-4)","background-image":"","background-repeat":"repeat","background-position":"center center","background-size":"auto","background-attachment":"scroll","background-type":"","background-media":"","overlay-type":"","overlay-color":"","overlay-opacity":"","overlay-gradient":""},"tablet":{"background-color":"","background-image":"","background-repeat":"repeat","background-position":"center center","background-size":"auto","background-attachment":"scroll","background-type":"","background-media":"","overlay-type":"","overlay-color":"","overlay-opacity":"","overlay-gradient":""},"mobile":{"background-color":"","background-image":"","background-repeat":"repeat","background-position":"center center","background-size":"auto","background-attachment":"scroll","background-type":"","background-media":"","overlay-type":"","overlay-color":"","overlay-opacity":"","overlay-gradient":""}},"ast-content-background-meta":{"desktop":{"background-color":"var(--ast-global-color-5)","background-image":"","background-repeat":"repeat","background-position":"center center","background-size":"auto","background-attachment":"scroll","background-type":"","background-media":"","overlay-type":"","overlay-color":"","overlay-opacity":"","overlay-gradient":""},"tablet":{"background-color":"var(--ast-global-color-5)","background-image":"","background-repeat":"repeat","background-position":"center center","background-size":"auto","background-attachment":"scroll","background-type":"","background-media":"","overlay-type":"","overlay-color":"","overlay-opacity":"","overlay-gradient":""},"mobile":{"background-color":"var(--ast-global-color-5)","background-image":"","background-repeat":"repeat","background-position":"center center","background-size":"auto","background-attachment":"scroll","background-type":"","background-media":"","overlay-type":"","overlay-color":"","overlay-opacity":"","overlay-gradient":""}},"footnotes":""},"class_list":["post-5673","page","type-page","status-publish","hentry"],"_links":{"self":[{"href":"https:\/\/pmscorp.vn\/en\/wp-json\/wp\/v2\/pages\/5673","targetHints":{"allow":["GET"]}}],"collection":[{"href":"https:\/\/pmscorp.vn\/en\/wp-json\/wp\/v2\/pages"}],"about":[{"href":"https:\/\/pmscorp.vn\/en\/wp-json\/wp\/v2\/types\/page"}],"author":[{"embeddable":true,"href":"https:\/\/pmscorp.vn\/en\/wp-json\/wp\/v2\/users\/3"}],"replies":[{"embeddable":true,"href":"https:\/\/pmscorp.vn\/en\/wp-json\/wp\/v2\/comments?post=5673"}],"version-history":[{"count":0,"href":"https:\/\/pmscorp.vn\/en\/wp-json\/wp\/v2\/pages\/5673\/revisions"}],"wp:attachment":[{"href":"https:\/\/pmscorp.vn\/en\/wp-json\/wp\/v2\/media?parent=5673"}],"curies":[{"name":"wp","href":"https:\/\/api.w.org\/{rel}","templated":true}]}}